{"id":54787,"date":"2026-04-02T12:45:35","date_gmt":"2026-04-02T10:45:35","guid":{"rendered":"https:\/\/escofetoliver.com\/botiga\/sin%20categor\u00eda\/pollo-marinado-400-g\/"},"modified":"2026-04-09T13:03:20","modified_gmt":"2026-04-09T11:03:20","slug":"pollo-marinado-400-g","status":"publish","type":"product","link":"https:\/\/escofetoliver.com\/es\/tienda\/elaborados\/frescos-es\/pollo-marinado-400-g\/","title":{"rendered":"Pollo marinado &#8211; 400 g"},"content":{"rendered":"<p>El\u00a0<a href=\"https:\/\/escofetoliver.com\/es\/categoria-del-producto\/pollos-huevos\/polleria-es\/\">pollo<\/a>\u00a0es un animal con una carne magra muy rica en prote\u00ednas. Una de las carnes m\u00e1s consumidas y preferidas por los consumidores, dado que no tiene mucha grasa, adem\u00e1s que incluye una alta variedad de vitaminas (del grupo B) buenas para el organismo, y es una buena fuente de hierro, fosfato y zinc. Muy vers\u00e1til y bastante elemental para una alimentaci\u00f3n decente y equilibrada.<\/p>\n","protected":false},"excerpt":{"rendered":"<p>La presentaci\u00f3n es en una bandeja con 250 g, aproximadamente, de pollo marinado.<\/p>\n<p>Pollo que marinamos en la tienda con una salsa artesanal. En este caso curry.<\/p>\n<p><span style=\"font-size: 12px;\">El peso pouede variar*<\/span><\/p>\n","protected":false},"featured_media":54800,"comment_status":"open","ping_status":"closed","template":"","meta":{"_acf_changed":false},"product_brand":[],"product_cat":[5858,5946],"product_tag":[],"class_list":{"0":"post-54787","1":"product","2":"type-product","3":"status-publish","4":"has-post-thumbnail","6":"product_cat-elaborados","7":"product_cat-frescos-es","8":"product_shipping_class-entrega-en-domicilio","9":"pa_preciokg-1450-es","11":"first","12":"instock","13":"taxable","14":"shipping-taxable","15":"purchasable","16":"product-type-simple"},"acf":[],"_links":{"self":[{"href":"https:\/\/escofetoliver.com\/es\/wp-json\/wp\/v2\/product\/54787","targetHints":{"allow":["GET"]}}],"collection":[{"href":"https:\/\/escofetoliver.com\/es\/wp-json\/wp\/v2\/product"}],"about":[{"href":"https:\/\/escofetoliver.com\/es\/wp-json\/wp\/v2\/types\/product"}],"replies":[{"embeddable":true,"href":"https:\/\/escofetoliver.com\/es\/wp-json\/wp\/v2\/comments?post=54787"}],"wp:featuredmedia":[{"embeddable":true,"href":"https:\/\/escofetoliver.com\/es\/wp-json\/wp\/v2\/media\/54800"}],"wp:attachment":[{"href":"https:\/\/escofetoliver.com\/es\/wp-json\/wp\/v2\/media?parent=54787"}],"wp:term":[{"taxonomy":"product_brand","embeddable":true,"href":"https:\/\/escofetoliver.com\/es\/wp-json\/wp\/v2\/product_brand?post=54787"},{"taxonomy":"product_cat","embeddable":true,"href":"https:\/\/escofetoliver.com\/es\/wp-json\/wp\/v2\/product_cat?post=54787"},{"taxonomy":"product_tag","embeddable":true,"href":"https:\/\/escofetoliver.com\/es\/wp-json\/wp\/v2\/product_tag?post=54787"}],"curies":[{"name":"wp","href":"https:\/\/api.w.org\/{rel}","templated":true}]}}