{"id":53751,"date":"2025-06-25T16:00:05","date_gmt":"2025-06-25T14:00:05","guid":{"rendered":"https:\/\/escofetoliver.com\/?post_type=product&#038;p=53751"},"modified":"2025-06-25T16:34:59","modified_gmt":"2025-06-25T14:34:59","slug":"garbanzos-cocidos-500","status":"publish","type":"product","link":"https:\/\/escofetoliver.com\/es\/tienda\/cocinados-legumbres\/legumbre\/garbanzos-cocidos-500\/","title":{"rendered":"Garbanzos cocidos &#8211; 500 g"},"content":{"rendered":"<p>Garbanzos cocidos, naturales y llenos de nutrientes. Ricos en prote\u00ednas, fibra y minerales como el hierro y el magnesio, aportan energ\u00eda sostenida y ayudan a regular el colesterol. Ideales para una dieta equilibrada, mejoran el tr\u00e1nsito intestinal y favorecen el bienestar digestivo. Su sabor suave y vers\u00e1til los convierte en un b\u00e1sico tanto en platos tradicionales como en recetas creativas.<\/p>\n<p>&nbsp;<\/p>\n<p>&nbsp;<\/p>\n<p>&nbsp;<\/p>\n","protected":false},"excerpt":{"rendered":"<p>Garbanzos cocidos en envase de 500 g o a granel.<\/p>\n","protected":false},"featured_media":51078,"comment_status":"open","ping_status":"closed","template":"","meta":{"_acf_changed":false},"product_brand":[],"product_cat":[5864,5882],"product_tag":[11249,9814,10357,10358,10360,7562,10361,7759,10362,8338,10363,10365,11114,9088,11205,9091],"class_list":{"0":"post-53751","1":"product","2":"type-product","3":"status-publish","4":"has-post-thumbnail","6":"product_cat-cocinados-legumbres","7":"product_cat-legumbre","8":"product_tag-proteinas-escofet-oliver","9":"product_tag-corazon","10":"product_tag-llegum-es-2","11":"product_tag-sense-allergens-es","12":"product_tag-garbanzos-es","13":"product_tag-km-0-es","14":"product_tag-legumbre-es","15":"product_tag-llegum-cuits-es","16":"product_tag-garbanzo-planta-es","17":"product_tag-natural-es","18":"product_tag-comer-garbanzos-es","19":"product_tag-garbanzo-nutrientes-es","20":"product_tag-ano-nuevo-fresco-saludable","21":"product_tag-salud-es","22":"product_tag-comete-el-verano","23":"product_tag-garbanzo-es","24":"product_shipping_class-entrega-en-domicilio","25":"pa_promotional-no-es-2","27":"first","28":"instock","29":"taxable","30":"shipping-taxable","31":"purchasable","32":"product-type-simple"},"acf":[],"_links":{"self":[{"href":"https:\/\/escofetoliver.com\/es\/wp-json\/wp\/v2\/product\/53751","targetHints":{"allow":["GET"]}}],"collection":[{"href":"https:\/\/escofetoliver.com\/es\/wp-json\/wp\/v2\/product"}],"about":[{"href":"https:\/\/escofetoliver.com\/es\/wp-json\/wp\/v2\/types\/product"}],"replies":[{"embeddable":true,"href":"https:\/\/escofetoliver.com\/es\/wp-json\/wp\/v2\/comments?post=53751"}],"wp:featuredmedia":[{"embeddable":true,"href":"https:\/\/escofetoliver.com\/es\/wp-json\/wp\/v2\/media\/51078"}],"wp:attachment":[{"href":"https:\/\/escofetoliver.com\/es\/wp-json\/wp\/v2\/media?parent=53751"}],"wp:term":[{"taxonomy":"product_brand","embeddable":true,"href":"https:\/\/escofetoliver.com\/es\/wp-json\/wp\/v2\/product_brand?post=53751"},{"taxonomy":"product_cat","embeddable":true,"href":"https:\/\/escofetoliver.com\/es\/wp-json\/wp\/v2\/product_cat?post=53751"},{"taxonomy":"product_tag","embeddable":true,"href":"https:\/\/escofetoliver.com\/es\/wp-json\/wp\/v2\/product_tag?post=53751"}],"curies":[{"name":"wp","href":"https:\/\/api.w.org\/{rel}","templated":true}]}}