{"id":53750,"date":"2025-06-25T15:21:07","date_gmt":"2025-06-25T13:21:07","guid":{"rendered":"https:\/\/escofetoliver.com\/?post_type=product&#038;p=53750"},"modified":"2025-06-25T16:33:52","modified_gmt":"2025-06-25T14:33:52","slug":"judias-cocidas-500","status":"publish","type":"product","link":"https:\/\/escofetoliver.com\/es\/tienda\/cocinados-legumbres\/legumbre\/judias-cocidas-500\/","title":{"rendered":"Jud\u00edas cocidas &#8211; 500 g"},"content":{"rendered":"<p>Jud\u00edas cocidas, naturales y llenas de vida. Ricas en prote\u00ednas, fibra y potasio, ayudan a cuidar el coraz\u00f3n, regular la presi\u00f3n arterial y aportarte energ\u00eda. Su sabor tradicional te conecta con la cocina de siempre, mientras que su valor nutricional cuida de ti por dentro. \u00bfQu\u00e9 nos aportan? Mejoran la circulaci\u00f3n, favorecen el tr\u00e1nsito intestinal y son ideales para personas activas o en crecimiento.<\/p>\n","protected":false},"excerpt":{"rendered":"<p>Judias cocidas en envase de 500 g o a granel.<\/p>\n","protected":false},"featured_media":51076,"comment_status":"open","ping_status":"closed","template":"","meta":{"_acf_changed":false},"product_brand":[],"product_cat":[5864,5882],"product_tag":[9541,11069,10357,11114,10358,11205,10381,11249,10383,10384,7495,10386,8326,10387,10388,10389,9539,10391],"class_list":{"0":"post-53750","1":"product","2":"type-product","3":"status-publish","4":"has-post-thumbnail","6":"product_cat-cocinados-legumbres","7":"product_cat-legumbre","8":"product_tag-judias","9":"product_tag-disfruta-julio-muy-fresco","10":"product_tag-llegum-es-2","11":"product_tag-ano-nuevo-fresco-saludable","12":"product_tag-sense-allergens-es","13":"product_tag-comete-el-verano","14":"product_tag-judias-blancas-es","15":"product_tag-proteina-escofet-oliver-esp","16":"product_tag-receta-judias-blancas-es","17":"product_tag-habichuela-es","18":"product_tag-escofet-oliver-es","19":"product_tag-recetas-con-judias-es","20":"product_tag-cuina-catalana-es","21":"product_tag-mongeta-del-ganxet-es","22":"product_tag-mongeta-tendra-es","23":"product_tag-mongetes-amb-botifarra-es","24":"product_tag-judia","25":"product_tag-mongeta-tendra-amb-patates-es","26":"product_shipping_class-entrega-en-domicilio","27":"pa_promotional-no-es-2","29":"first","30":"instock","31":"taxable","32":"shipping-taxable","33":"purchasable","34":"product-type-simple"},"acf":[],"_links":{"self":[{"href":"https:\/\/escofetoliver.com\/es\/wp-json\/wp\/v2\/product\/53750","targetHints":{"allow":["GET"]}}],"collection":[{"href":"https:\/\/escofetoliver.com\/es\/wp-json\/wp\/v2\/product"}],"about":[{"href":"https:\/\/escofetoliver.com\/es\/wp-json\/wp\/v2\/types\/product"}],"replies":[{"embeddable":true,"href":"https:\/\/escofetoliver.com\/es\/wp-json\/wp\/v2\/comments?post=53750"}],"wp:featuredmedia":[{"embeddable":true,"href":"https:\/\/escofetoliver.com\/es\/wp-json\/wp\/v2\/media\/51076"}],"wp:attachment":[{"href":"https:\/\/escofetoliver.com\/es\/wp-json\/wp\/v2\/media?parent=53750"}],"wp:term":[{"taxonomy":"product_brand","embeddable":true,"href":"https:\/\/escofetoliver.com\/es\/wp-json\/wp\/v2\/product_brand?post=53750"},{"taxonomy":"product_cat","embeddable":true,"href":"https:\/\/escofetoliver.com\/es\/wp-json\/wp\/v2\/product_cat?post=53750"},{"taxonomy":"product_tag","embeddable":true,"href":"https:\/\/escofetoliver.com\/es\/wp-json\/wp\/v2\/product_tag?post=53750"}],"curies":[{"name":"wp","href":"https:\/\/api.w.org\/{rel}","templated":true}]}}