{"id":53744,"date":"2025-06-23T12:21:44","date_gmt":"2025-06-23T10:21:44","guid":{"rendered":"https:\/\/escofetoliver.com\/?post_type=product&#038;p=53744"},"modified":"2025-06-25T16:33:56","modified_gmt":"2025-06-25T14:33:56","slug":"lentejas-cocidas-500","status":"publish","type":"product","link":"https:\/\/escofetoliver.com\/es\/tienda\/cocinados-legumbres\/legumbre\/lentejas-cocidas-500\/","title":{"rendered":"Lentejas cocidas &#8211; 500 g"},"content":{"rendered":"<p>Lentejas cocidas, naturales y llenas de vida. Ricas en prote\u00ednas, fibra y energ\u00eda, hacen que cuidar tu salud sea f\u00e1cil mientras disfrutas del sabor de toda la vida. \u00bfQu\u00e9 nos aportan? Son buenas para nuestro coraz\u00f3n y el intestino y sobretodo para sentirte bien.<\/p>\n<p>&nbsp;<\/p>\n","protected":false},"excerpt":{"rendered":"<p>Lentejas cocidas en envase de 500 g o a granel.<\/p>\n<p>&nbsp;<\/p>\n","protected":false},"featured_media":51074,"comment_status":"open","ping_status":"closed","template":"","meta":{"_acf_changed":false},"product_brand":[],"product_cat":[5864,5882],"product_tag":[11114,11205,11249],"class_list":{"0":"post-53744","1":"product","2":"type-product","3":"status-publish","4":"has-post-thumbnail","6":"product_cat-cocinados-legumbres","7":"product_cat-legumbre","8":"product_tag-ano-nuevo-fresco-saludable","9":"product_tag-comete-el-verano","10":"product_tag-proteina-escofet-oliver-esp","11":"product_shipping_class-entrega-en-domicilio","12":"pa_promotional-no-es-2","14":"first","15":"instock","16":"taxable","17":"shipping-taxable","18":"purchasable","19":"product-type-simple"},"acf":[],"_links":{"self":[{"href":"https:\/\/escofetoliver.com\/es\/wp-json\/wp\/v2\/product\/53744","targetHints":{"allow":["GET"]}}],"collection":[{"href":"https:\/\/escofetoliver.com\/es\/wp-json\/wp\/v2\/product"}],"about":[{"href":"https:\/\/escofetoliver.com\/es\/wp-json\/wp\/v2\/types\/product"}],"replies":[{"embeddable":true,"href":"https:\/\/escofetoliver.com\/es\/wp-json\/wp\/v2\/comments?post=53744"}],"wp:featuredmedia":[{"embeddable":true,"href":"https:\/\/escofetoliver.com\/es\/wp-json\/wp\/v2\/media\/51074"}],"wp:attachment":[{"href":"https:\/\/escofetoliver.com\/es\/wp-json\/wp\/v2\/media?parent=53744"}],"wp:term":[{"taxonomy":"product_brand","embeddable":true,"href":"https:\/\/escofetoliver.com\/es\/wp-json\/wp\/v2\/product_brand?post=53744"},{"taxonomy":"product_cat","embeddable":true,"href":"https:\/\/escofetoliver.com\/es\/wp-json\/wp\/v2\/product_cat?post=53744"},{"taxonomy":"product_tag","embeddable":true,"href":"https:\/\/escofetoliver.com\/es\/wp-json\/wp\/v2\/product_tag?post=53744"}],"curies":[{"name":"wp","href":"https:\/\/api.w.org\/{rel}","templated":true}]}}