{"id":53618,"date":"2025-05-28T16:51:58","date_gmt":"2025-05-28T14:51:58","guid":{"rendered":"https:\/\/escofetoliver.com\/botiga\/sin%20categor\u00eda\/sierra-cantabria-2022-75-cl\/"},"modified":"2025-05-30T12:54:56","modified_gmt":"2025-05-30T10:54:56","slug":"sierra-cantabria-vino","status":"publish","type":"product","link":"https:\/\/escofetoliver.com\/es\/tienda\/despensa\/vinos-cavas\/sierra-cantabria-vino\/","title":{"rendered":"Sierra Cantabria 2022 &#8211; 75 CL"},"content":{"rendered":"<p><span>Sierra Cantabria Colecci\u00f3n 2022 es\u00a0<\/span><span>un vino tinto que captura la esencia del terru\u00f1o de la Rioja<\/span><span>, con uva seleccionada de vi\u00f1as excepcionales, y que destaca por su complejidad y elegancia. Su crianza en barricas de roble le da una estructura refinada, donde la fruta madura se fusiona con delicadas notas especiadas y matices de vainilla.<\/span><\/p>\n<p><span>Perfecto por maridar con carnes en el asador, un buen cordero asado, guisos tradicionales y quesos\u00a0<\/span><span class=\"hiddenSpellError\" onkeypress=\"MORFOLOGIK_RULE_ES---#---undefined---#---Se ha encontrado un posible error ortogr\u00e1fico.---#------#---semicurados\">semi-curados<\/span><span>.<\/span><\/p>\n<p><span>Es un vino negro con Denominaci\u00f3n de Origen Rioja<\/span><\/p>\n<p><strong>Variedad<\/strong>:<span>\u00a0Tempranillo<\/span><\/p>\n<p><strong>Alcohol:<\/strong>14,5% vol.<span> <strong>Al\u00e9rgenos:<\/strong><\/span><span>\u00a0<\/span>SULFITOS.<\/p>\n","protected":false},"excerpt":{"rendered":"<p><span>Botella de 75\u00a0<\/span><span>cl<\/span><span>\u00a0de Sierra\u00a0<\/span><span>Cantabria<\/span><span>\u00a0<\/span><span>Colecci\u00f3n<\/span><span>\u00a02022, un vino tinto sofisticado y vers\u00e1til. Ideal para acompa\u00f1ar carnes rojas a la parrilla, cordero asado, guisos tradicionales y quesos semicurados. Una experiencia \u00fanica para los amantes del buen vino.<\/span><\/p>\n","protected":false},"featured_media":53617,"comment_status":"open","ping_status":"closed","template":"","meta":{"_acf_changed":false},"product_brand":[],"product_cat":[5866,5934],"product_tag":[],"class_list":{"0":"post-53618","1":"product","2":"type-product","3":"status-publish","4":"has-post-thumbnail","6":"product_cat-despensa","7":"product_cat-vinos-cavas","8":"product_shipping_class-entrega-en-domicilio","10":"first","11":"instock","12":"taxable","13":"shipping-taxable","14":"purchasable","15":"product-type-simple"},"acf":[],"_links":{"self":[{"href":"https:\/\/escofetoliver.com\/es\/wp-json\/wp\/v2\/product\/53618","targetHints":{"allow":["GET"]}}],"collection":[{"href":"https:\/\/escofetoliver.com\/es\/wp-json\/wp\/v2\/product"}],"about":[{"href":"https:\/\/escofetoliver.com\/es\/wp-json\/wp\/v2\/types\/product"}],"replies":[{"embeddable":true,"href":"https:\/\/escofetoliver.com\/es\/wp-json\/wp\/v2\/comments?post=53618"}],"wp:featuredmedia":[{"embeddable":true,"href":"https:\/\/escofetoliver.com\/es\/wp-json\/wp\/v2\/media\/53617"}],"wp:attachment":[{"href":"https:\/\/escofetoliver.com\/es\/wp-json\/wp\/v2\/media?parent=53618"}],"wp:term":[{"taxonomy":"product_brand","embeddable":true,"href":"https:\/\/escofetoliver.com\/es\/wp-json\/wp\/v2\/product_brand?post=53618"},{"taxonomy":"product_cat","embeddable":true,"href":"https:\/\/escofetoliver.com\/es\/wp-json\/wp\/v2\/product_cat?post=53618"},{"taxonomy":"product_tag","embeddable":true,"href":"https:\/\/escofetoliver.com\/es\/wp-json\/wp\/v2\/product_tag?post=53618"}],"curies":[{"name":"wp","href":"https:\/\/api.w.org\/{rel}","templated":true}]}}