{"id":53612,"date":"2025-05-27T11:36:10","date_gmt":"2025-05-27T09:36:10","guid":{"rendered":"https:\/\/escofetoliver.com\/botiga\/sin%20categor\u00eda\/almirez-2022-75-cl\/"},"modified":"2025-05-27T11:43:29","modified_gmt":"2025-05-27T09:43:29","slug":"almirez-2022-75-cl","status":"publish","type":"product","link":"https:\/\/escofetoliver.com\/es\/tienda\/despensa\/vinos-cavas\/almirez-2022-75-cl\/","title":{"rendered":"Almirez 2022 &#8211; 75 CL"},"content":{"rendered":"<p><span>El vino tinto\u00a0<\/span><span>Amirez<\/span><span>\u00a02022 es una expresi\u00f3n refinada del terru\u00f1o, elaborado con uva seleccionada de vi\u00f1as privilegiadas. Su crianza en barricas de roble durante meses otorga a este vino una complejidad y profundidad excepcionales, donde la fruta madura se encuentra con sutiles notas especiadas y toques de vainilla.<\/span><\/p>\n<p><span>Perfecto para acompa\u00f1ar carnes rojas a la parrilla, cordero asado, guisos tradicionales o quesos semicurados, el\u00a0<\/span><span>Amirez<\/span><span>\u00a02022 se convierte en el complemento ideal para una experiencia gastron\u00f3mica memorable.<\/span><\/p>\n<p>Es un vino negro con\u00a0<strong> Denominaci\u00f3n de Origen Toro.<\/strong><\/p>\n<p><strong>Alcohol: <\/strong>14,50% vol.<strong> Al\u00e9rgenos: <\/strong>SULFITOS.<\/p>\n","protected":false},"excerpt":{"rendered":"<p><span>Botella de 75\u00a0<\/span><span>cl<\/span><span>\u00a0de vino tinto\u00a0<\/span><span>Amirez<\/span><span>\u00a02022. Vers\u00e1til y elegante, ideal para acompa\u00f1ar carnes rojas a la parrilla, cordero asado, guisos tradicionales o quesos semicurados.<\/span><\/p>\n","protected":false},"featured_media":53611,"comment_status":"open","ping_status":"closed","template":"","meta":{"_acf_changed":false},"product_brand":[],"product_cat":[5866,5934],"product_tag":[],"class_list":{"0":"post-53612","1":"product","2":"type-product","3":"status-publish","4":"has-post-thumbnail","6":"product_cat-despensa","7":"product_cat-vinos-cavas","8":"product_shipping_class-entrega-en-domicilio","10":"first","11":"instock","12":"taxable","13":"shipping-taxable","14":"purchasable","15":"product-type-simple"},"acf":[],"_links":{"self":[{"href":"https:\/\/escofetoliver.com\/es\/wp-json\/wp\/v2\/product\/53612","targetHints":{"allow":["GET"]}}],"collection":[{"href":"https:\/\/escofetoliver.com\/es\/wp-json\/wp\/v2\/product"}],"about":[{"href":"https:\/\/escofetoliver.com\/es\/wp-json\/wp\/v2\/types\/product"}],"replies":[{"embeddable":true,"href":"https:\/\/escofetoliver.com\/es\/wp-json\/wp\/v2\/comments?post=53612"}],"wp:featuredmedia":[{"embeddable":true,"href":"https:\/\/escofetoliver.com\/es\/wp-json\/wp\/v2\/media\/53611"}],"wp:attachment":[{"href":"https:\/\/escofetoliver.com\/es\/wp-json\/wp\/v2\/media?parent=53612"}],"wp:term":[{"taxonomy":"product_brand","embeddable":true,"href":"https:\/\/escofetoliver.com\/es\/wp-json\/wp\/v2\/product_brand?post=53612"},{"taxonomy":"product_cat","embeddable":true,"href":"https:\/\/escofetoliver.com\/es\/wp-json\/wp\/v2\/product_cat?post=53612"},{"taxonomy":"product_tag","embeddable":true,"href":"https:\/\/escofetoliver.com\/es\/wp-json\/wp\/v2\/product_tag?post=53612"}],"curies":[{"name":"wp","href":"https:\/\/api.w.org\/{rel}","templated":true}]}}