{"id":53601,"date":"2025-05-26T09:10:26","date_gmt":"2025-05-26T07:10:26","guid":{"rendered":"https:\/\/escofetoliver.com\/botiga\/sin categor\u00eda\/longaniza-fussimanya-100-g\/"},"modified":"2025-05-26T09:10:26","modified_gmt":"2025-05-26T07:10:26","slug":"longaniza-fussimanya-100-g","status":"publish","type":"product","link":"https:\/\/escofetoliver.com\/es\/tienda\/embutidos\/curados\/longaniza-fussimanya-100-g\/","title":{"rendered":"Longaniza Fussimanya &#8211; 100 g"},"content":{"rendered":"<p>Elaborado a partir de las carnes mas selectas del cerdo, de las carnes mas nobles, y enriquecido con daditos de tocino, lo que le da una imagen mas tradicional. Gracias a un proceso de curaci\u00f3n meticuloso, adquiere unas caracter\u00edsticas \u00fanicas que se traducen en un aroma intenso y un bouquet excepcional, ofreciendo una experiencia gastron\u00f3mica inigualable.<\/p>\n<p>Un embutido de prestigio entre aquellos que les encanta la longaniza.<\/p>\n","protected":false},"excerpt":{"rendered":"<p>100 g aproximados de longaniza. En bandeja o bolsa.<\/p>\n","protected":false},"featured_media":53600,"comment_status":"open","ping_status":"closed","template":"","meta":{"_acf_changed":false},"product_brand":[],"product_cat":[5860,5924],"product_tag":[],"class_list":{"0":"post-53601","1":"product","2":"type-product","3":"status-publish","4":"has-post-thumbnail","6":"product_cat-embutidos","7":"product_cat-curados","8":"product_shipping_class-entrega-en-domicilio","10":"first","11":"instock","12":"taxable","13":"shipping-taxable","14":"purchasable","15":"product-type-simple"},"acf":[],"_links":{"self":[{"href":"https:\/\/escofetoliver.com\/es\/wp-json\/wp\/v2\/product\/53601","targetHints":{"allow":["GET"]}}],"collection":[{"href":"https:\/\/escofetoliver.com\/es\/wp-json\/wp\/v2\/product"}],"about":[{"href":"https:\/\/escofetoliver.com\/es\/wp-json\/wp\/v2\/types\/product"}],"replies":[{"embeddable":true,"href":"https:\/\/escofetoliver.com\/es\/wp-json\/wp\/v2\/comments?post=53601"}],"wp:featuredmedia":[{"embeddable":true,"href":"https:\/\/escofetoliver.com\/es\/wp-json\/wp\/v2\/media\/53600"}],"wp:attachment":[{"href":"https:\/\/escofetoliver.com\/es\/wp-json\/wp\/v2\/media?parent=53601"}],"wp:term":[{"taxonomy":"product_brand","embeddable":true,"href":"https:\/\/escofetoliver.com\/es\/wp-json\/wp\/v2\/product_brand?post=53601"},{"taxonomy":"product_cat","embeddable":true,"href":"https:\/\/escofetoliver.com\/es\/wp-json\/wp\/v2\/product_cat?post=53601"},{"taxonomy":"product_tag","embeddable":true,"href":"https:\/\/escofetoliver.com\/es\/wp-json\/wp\/v2\/product_tag?post=53601"}],"curies":[{"name":"wp","href":"https:\/\/api.w.org\/{rel}","templated":true}]}}