{"id":53582,"date":"2025-05-21T16:46:37","date_gmt":"2025-05-21T14:46:37","guid":{"rendered":"https:\/\/escofetoliver.com\/botiga\/sin%20categor\u00eda\/cachopo-de-jamon-y-queso-1-unidad-260-g\/"},"modified":"2025-05-21T18:11:57","modified_gmt":"2025-05-21T16:11:57","slug":"cachopo-de-jamon-y-queso-1-unidad-260-g","status":"publish","type":"product","link":"https:\/\/escofetoliver.com\/es\/tienda\/elaborados\/rebozados\/cachopo-de-jamon-y-queso-1-unidad-260-g\/","title":{"rendered":"Cachopo de jam\u00f3n y queso &#8211; 1 unidad &#8211; 260 g"},"content":{"rendered":"<p>Un cl\u00e1sico asturiano con todo el sabor. Nuestro Cachopo de jam\u00f3n del pa\u00eds y queso est\u00e1 elaborado artesanalmente en Escofet Oliver con bistec de ternera e ingredientes de primera calidad. Utilizamos jam\u00f3n del pa\u00eds (serrano) y queso de vaca, envueltos en un filete generoso y cremoso, rebozado al punto para lograr un dorado crujiente e irresistible en la sart\u00e9n. Ideal para compartir o para darte un capricho con el mejor sabor tradicional.<\/p>\n<p>&#8212;<\/p>\n<p>La <a href=\"https:\/\/escofetoliver.com\/es\/categoria-del-producto\/carniceria\/ternera\/\">carne de becerra o ternera<\/a>, es un alimento completo y esencial para desarrollar una dieta que sea sana y equilibrada, destacando sobre todo por su elevado nivel proteico. Las prote\u00ednas de la carne de ternera son de una alta digestibilidad y de gran valor biol\u00f3gico, puesto que aportan amino\u00e1cidos esenciales que son necesarios para las funciones de crecimiento y reparaci\u00f3n de tejidos de nuestro organismo.<\/p>\n<p>Adem\u00e1s, es rica en vitaminas del grupo B y por la aportaci\u00f3n de minerales al organismo como son el fosfato, calcio, magnesio y hierro.<\/p>\n","protected":false},"excerpt":{"rendered":"<p>Bandeja con cachopo de ternera relleno de jam\u00f3n y queso, que pesa unos 260 g en total.<\/p>\n","protected":false},"featured_media":53581,"comment_status":"open","ping_status":"closed","template":"","meta":{"_acf_changed":false},"product_brand":[],"product_cat":[5858,5950],"product_tag":[],"class_list":{"0":"post-53582","1":"product","2":"type-product","3":"status-publish","4":"has-post-thumbnail","6":"product_cat-elaborados","7":"product_cat-rebozados","8":"product_shipping_class-entrega-en-domicilio","9":"pa_preciokg-2900-es","11":"first","12":"instock","13":"taxable","14":"shipping-taxable","15":"purchasable","16":"product-type-simple"},"acf":[],"_links":{"self":[{"href":"https:\/\/escofetoliver.com\/es\/wp-json\/wp\/v2\/product\/53582","targetHints":{"allow":["GET"]}}],"collection":[{"href":"https:\/\/escofetoliver.com\/es\/wp-json\/wp\/v2\/product"}],"about":[{"href":"https:\/\/escofetoliver.com\/es\/wp-json\/wp\/v2\/types\/product"}],"replies":[{"embeddable":true,"href":"https:\/\/escofetoliver.com\/es\/wp-json\/wp\/v2\/comments?post=53582"}],"wp:featuredmedia":[{"embeddable":true,"href":"https:\/\/escofetoliver.com\/es\/wp-json\/wp\/v2\/media\/53581"}],"wp:attachment":[{"href":"https:\/\/escofetoliver.com\/es\/wp-json\/wp\/v2\/media?parent=53582"}],"wp:term":[{"taxonomy":"product_brand","embeddable":true,"href":"https:\/\/escofetoliver.com\/es\/wp-json\/wp\/v2\/product_brand?post=53582"},{"taxonomy":"product_cat","embeddable":true,"href":"https:\/\/escofetoliver.com\/es\/wp-json\/wp\/v2\/product_cat?post=53582"},{"taxonomy":"product_tag","embeddable":true,"href":"https:\/\/escofetoliver.com\/es\/wp-json\/wp\/v2\/product_tag?post=53582"}],"curies":[{"name":"wp","href":"https:\/\/api.w.org\/{rel}","templated":true}]}}