{"id":53482,"date":"2025-05-02T09:52:40","date_gmt":"2025-05-02T07:52:40","guid":{"rendered":"https:\/\/escofetoliver.com\/botiga\/sin%20categor\u00eda\/bandeja-de-quesos-y-embutido-dia-de-la-madre\/"},"modified":"2025-06-17T12:50:05","modified_gmt":"2025-06-17T10:50:05","slug":"bandeja-embutido-especial","status":"publish","type":"product","link":"https:\/\/escofetoliver.com\/es\/tienda\/embutidos\/bandejas-celebraciones\/bandeja-embutido-especial\/","title":{"rendered":"Embutido ib\u00e9rico y quesos &#8211; Bandeja para 6 personas"},"content":{"rendered":"<p><span>Una combinaci\u00f3n irresistible de embutidos ib\u00e9ricos de bellota y quesos de calidad y buena variedad, ideal para compartir en buena compa\u00f1\u00eda o disfrutar en una ocasi\u00f3n especial.<\/span><\/p>\n<p><span>La bandeja contiene: Lomo Ib\u00e9rico\u00a0<\/span><span>Agl\u00e0<\/span><span>, hombro\u00a0<\/span><span>Ib\u00e9rica<\/span><span>, queso\u00a0<\/span><span>T\u00eate<\/span><span>\u00a0de\u00a0<\/span><span>Mo\u00efne<\/span><span>, queso Garrotxa y queso Manchego Valdivieso.<\/span><\/p>\n","protected":false},"excerpt":{"rendered":"<p><strong>Para 6 personas. Incluye:<\/strong><\/p>\n<ul>\n<li>150 g Lomo Ib\u00e8rico Bellota<\/li>\n<li>150 g Paletilla Ib\u00e9rica<\/li>\n<li>150 g Tete Mo\u00efne<\/li>\n<li>150 g Garrotxa<\/li>\n<li>150 g Manxego Valdivieso<\/li>\n<\/ul>\n","protected":false},"featured_media":53508,"comment_status":"open","ping_status":"closed","template":"","meta":{"_acf_changed":false},"product_brand":[],"product_cat":[5860,5944],"product_tag":[11187],"class_list":{"0":"post-53482","1":"product","2":"type-product","3":"status-publish","4":"has-post-thumbnail","6":"product_cat-embutidos","7":"product_cat-bandejas-celebraciones","8":"product_tag-bandejas-sant-joan","9":"product_shipping_class-entrega-en-domicilio","11":"first","12":"instock","13":"taxable","14":"shipping-taxable","15":"purchasable","16":"product-type-simple"},"acf":[],"_links":{"self":[{"href":"https:\/\/escofetoliver.com\/es\/wp-json\/wp\/v2\/product\/53482","targetHints":{"allow":["GET"]}}],"collection":[{"href":"https:\/\/escofetoliver.com\/es\/wp-json\/wp\/v2\/product"}],"about":[{"href":"https:\/\/escofetoliver.com\/es\/wp-json\/wp\/v2\/types\/product"}],"replies":[{"embeddable":true,"href":"https:\/\/escofetoliver.com\/es\/wp-json\/wp\/v2\/comments?post=53482"}],"wp:featuredmedia":[{"embeddable":true,"href":"https:\/\/escofetoliver.com\/es\/wp-json\/wp\/v2\/media\/53508"}],"wp:attachment":[{"href":"https:\/\/escofetoliver.com\/es\/wp-json\/wp\/v2\/media?parent=53482"}],"wp:term":[{"taxonomy":"product_brand","embeddable":true,"href":"https:\/\/escofetoliver.com\/es\/wp-json\/wp\/v2\/product_brand?post=53482"},{"taxonomy":"product_cat","embeddable":true,"href":"https:\/\/escofetoliver.com\/es\/wp-json\/wp\/v2\/product_cat?post=53482"},{"taxonomy":"product_tag","embeddable":true,"href":"https:\/\/escofetoliver.com\/es\/wp-json\/wp\/v2\/product_tag?post=53482"}],"curies":[{"name":"wp","href":"https:\/\/api.w.org\/{rel}","templated":true}]}}