{"id":53480,"date":"2025-05-02T09:39:56","date_gmt":"2025-05-02T07:39:56","guid":{"rendered":"https:\/\/escofetoliver.com\/botiga\/sin%20categor\u00eda\/bandeja-de-quesos-dia-de-la-madre\/"},"modified":"2025-06-17T11:45:02","modified_gmt":"2025-06-17T09:45:02","slug":"bandeja-quesos-premium","status":"publish","type":"product","link":"https:\/\/escofetoliver.com\/es\/tienda\/embutidos\/bandejas-celebraciones\/bandeja-quesos-premium\/","title":{"rendered":"Quesos Premium &#8211; Bandeja para 6 personas"},"content":{"rendered":"<p>Una cuidada selecci\u00f3n de quesos variados de calidad Premium, para compartir en buena compa\u00f1\u00eda o disfrutar en una ocasi\u00f3n especial.<\/p>\n<p>Esta bandeja incluye cinco variedades con Denominaci\u00f3n de Origen: Morbier (Francia), Garrotxa (Catalu\u00f1a), Manchego Curado (Espa\u00f1a), Fourme d\u2019Ambert (Francia): azul, cremoso y equilibrado, con notas dulces, y Camembert de Normand\u00eda (Francia).<\/p>\n","protected":false},"excerpt":{"rendered":"<p><strong>Para 6 personas. Incluye:<\/strong><\/p>\n<p>&nbsp;<\/p>\n<ul>\n<li>200 g Morbier<\/li>\n<li>200 g Garrotxa<\/li>\n<li>250 g Manchego Valdivieso Semi<\/li>\n<li>1 Fourme d&#8217;Ambert<\/li>\n<li>1 Camembert de Normandia<\/li>\n<\/ul>\n","protected":false},"featured_media":53504,"comment_status":"open","ping_status":"closed","template":"","meta":{"_acf_changed":false},"product_brand":[],"product_cat":[5944,5860],"product_tag":[11187,11245],"class_list":{"0":"post-53480","1":"product","2":"type-product","3":"status-publish","4":"has-post-thumbnail","6":"product_cat-bandejas-celebraciones","7":"product_cat-embutidos","8":"product_tag-bandejas-sant-joan","9":"product_tag-bandeja-queso-26","10":"product_shipping_class-entrega-en-domicilio","12":"first","13":"instock","14":"taxable","15":"shipping-taxable","16":"purchasable","17":"product-type-simple"},"acf":[],"_links":{"self":[{"href":"https:\/\/escofetoliver.com\/es\/wp-json\/wp\/v2\/product\/53480","targetHints":{"allow":["GET"]}}],"collection":[{"href":"https:\/\/escofetoliver.com\/es\/wp-json\/wp\/v2\/product"}],"about":[{"href":"https:\/\/escofetoliver.com\/es\/wp-json\/wp\/v2\/types\/product"}],"replies":[{"embeddable":true,"href":"https:\/\/escofetoliver.com\/es\/wp-json\/wp\/v2\/comments?post=53480"}],"wp:featuredmedia":[{"embeddable":true,"href":"https:\/\/escofetoliver.com\/es\/wp-json\/wp\/v2\/media\/53504"}],"wp:attachment":[{"href":"https:\/\/escofetoliver.com\/es\/wp-json\/wp\/v2\/media?parent=53480"}],"wp:term":[{"taxonomy":"product_brand","embeddable":true,"href":"https:\/\/escofetoliver.com\/es\/wp-json\/wp\/v2\/product_brand?post=53480"},{"taxonomy":"product_cat","embeddable":true,"href":"https:\/\/escofetoliver.com\/es\/wp-json\/wp\/v2\/product_cat?post=53480"},{"taxonomy":"product_tag","embeddable":true,"href":"https:\/\/escofetoliver.com\/es\/wp-json\/wp\/v2\/product_tag?post=53480"}],"curies":[{"name":"wp","href":"https:\/\/api.w.org\/{rel}","templated":true}]}}