{"id":52492,"date":"2024-11-14T12:44:36","date_gmt":"2024-11-14T11:44:36","guid":{"rendered":"https:\/\/escofetoliver.com\/?post_type=product&#038;p=52492"},"modified":"2025-12-03T10:19:15","modified_gmt":"2025-12-03T09:19:15","slug":"jamon-5-jotas-pequeno","status":"publish","type":"product","link":"https:\/\/escofetoliver.com\/es\/tienda\/embutidos\/pieza-entera\/jamon-5-jotas-pequeno\/","title":{"rendered":"Jam\u00f3n 5 JOTAS &#8211; 6-7 kg"},"content":{"rendered":"<p><span>Suave, jugoso e con un sabor intenso y lleno de matices. As\u00ed es\u00a0<\/span><span class=\"hiddenGrammarError\" onkeypress=\"AGREEMENT_DET_GN---#---3---#---Error de concordancia.---#---las 5---#---el 5\">el 5<\/span><span> Jotas, 100% Ib\u00e9rico de bellota. Elaborado y cuidado con esmero y quietud en un entorno \u00fanico. Este es el jam\u00f3n peque\u00f1o (tenemos uno <a href=\"https:\/\/escofetoliver.com\/es\/tienda\/embutidos\/pieza-entera\/jamon-bellota-5jotas-grande\/\">m\u00e1s grande<\/a>).<\/span><\/p>\n","protected":false},"excerpt":{"rendered":"<p>Jam\u00f3n entero de bellota. 100% de raza ib\u00e9rica. Pesa entre 6 y 7 kg aproximadamente.<\/p>\n","protected":false},"featured_media":52482,"comment_status":"open","ping_status":"closed","template":"","meta":{"_acf_changed":false},"product_brand":[],"product_cat":[8667],"product_tag":[10901,10983,10984,7584],"class_list":{"0":"post-52492","1":"product","2":"type-product","3":"status-publish","4":"has-post-thumbnail","6":"product_cat-pieza-entera","7":"product_tag-xarcuteria-es","8":"product_tag-5-jotas-es","9":"product_tag-jamones-es","10":"product_tag-pernil-es","11":"product_shipping_class-entrega-en-domicilio","13":"first","14":"instock","15":"taxable","16":"shipping-taxable","17":"purchasable","18":"product-type-simple"},"acf":[],"_links":{"self":[{"href":"https:\/\/escofetoliver.com\/es\/wp-json\/wp\/v2\/product\/52492","targetHints":{"allow":["GET"]}}],"collection":[{"href":"https:\/\/escofetoliver.com\/es\/wp-json\/wp\/v2\/product"}],"about":[{"href":"https:\/\/escofetoliver.com\/es\/wp-json\/wp\/v2\/types\/product"}],"replies":[{"embeddable":true,"href":"https:\/\/escofetoliver.com\/es\/wp-json\/wp\/v2\/comments?post=52492"}],"wp:featuredmedia":[{"embeddable":true,"href":"https:\/\/escofetoliver.com\/es\/wp-json\/wp\/v2\/media\/52482"}],"wp:attachment":[{"href":"https:\/\/escofetoliver.com\/es\/wp-json\/wp\/v2\/media?parent=52492"}],"wp:term":[{"taxonomy":"product_brand","embeddable":true,"href":"https:\/\/escofetoliver.com\/es\/wp-json\/wp\/v2\/product_brand?post=52492"},{"taxonomy":"product_cat","embeddable":true,"href":"https:\/\/escofetoliver.com\/es\/wp-json\/wp\/v2\/product_cat?post=52492"},{"taxonomy":"product_tag","embeddable":true,"href":"https:\/\/escofetoliver.com\/es\/wp-json\/wp\/v2\/product_tag?post=52492"}],"curies":[{"name":"wp","href":"https:\/\/api.w.org\/{rel}","templated":true}]}}