{"id":51977,"date":"2024-07-09T09:48:36","date_gmt":"2024-07-09T07:48:36","guid":{"rendered":"https:\/\/escofetoliver.com\/botiga\/sin%20categor\u00eda\/queso-de-oveja-rebanada-de-250-g\/"},"modified":"2026-03-05T10:33:28","modified_gmt":"2026-03-05T09:33:28","slug":"queso-de-oveja-rebanada-de-250-g","status":"publish","type":"product","link":"https:\/\/escofetoliver.com\/es\/tienda\/quesos-yogures\/queso-pieza\/queso-de-oveja-rebanada-de-250-g\/","title":{"rendered":"Queso de oveja Escofet Oliver &#8211; cu\u00f1a \u2013 250 g"},"content":{"rendered":"<p><span>En\u00a0<\/span><span>Escofet<\/span><span>\u00a0Oliver creemos en los quesos que explican una historia. Este de oveja, concentra la esencia de nuestro territorio: una leche aut\u00e9ntica, una untuosidad profunda y una costra natural que habla de tradici\u00f3n y cura.<\/span><\/p>\n<p><span>Producido y afinado cerca de los Pirineos, un entorno que ofrece temperatura y humedad ideales para una maduraci\u00f3n lenta y precisa que le da un sabor rico y lleno de matices, de aquellos que te conectan con la tierra tan solo probarlo. Y cuando lo combinas con un <a href=\"https:\/\/escofetoliver.com\/es\/tienda\/despensa\/vinos-cavas\/gramona\/\"><span class=\"hiddenSpellError\" onkeypress=\"MORFOLOGIK_RULE_CA_ES---#---0---#---Possible error ortogr\u00e0fic.---#---Gramola#Cremona#Bremona#Gramunt#Ramona#Gamona#Gramina#Gramine#Gramin\u00e0#Gramosa#Grapona#Grapone#Grapon\u00e0#Gra mona#Gram ona---#---Gramona---#---Una bona idea \u00e9s la combinaci\u00f3 amb un elegant Gramona Brut Imperial.---#---43\">Gramona<\/span><\/a><a href=\"https:\/\/escofetoliver.com\/es\/tienda\/despensa\/vinos-cavas\/gramona\/\"> Brut Imperial<\/a><\/span><span>\u00a0o con una mermelada de <a href=\"https:\/\/escofetoliver.com\/es\/tienda\/despensa\/mermelada-miel\/melmelada-gerds\/\">frambuesas<\/a> o <a href=\"https:\/\/escofetoliver.com\/es\/tienda\/despensa\/mermelada-miel\/mermelada-melocoton-285\/\">melocotones<\/a>, la experiencia se transforma en un momento para recordar.<\/span><\/p>\n<p><span>Un queso de proximidad que emociona, que seduce y que lleva el sello de aquello que hacemos con pasi\u00f3n.<\/span><\/p>\n<p><span>Aspectos clave:<\/span><\/p>\n<ul>\n<li><span><strong>Costra natural<\/strong> que refleja el proceso artesanal y la afinadura cuidadosa.<\/span><\/li>\n<li><span><strong>Textura<\/strong>: cremosa y agradable al corte.<\/span><\/li>\n<li><span><strong>Sabor<\/strong>: rico, profundo, con una ligera dulzura y notas que evocan la monta\u00f1a.<\/span><\/li>\n<\/ul>\n","protected":false},"excerpt":{"rendered":"<p><span>Corte de queso de oveja 250 g (aproximadamente).<\/span><\/p>\n<p><span>Un queso aut\u00e9ntico, lleno de car\u00e1cter y proximidad. Elaborado artesanalmente con leche fresca de oveja, de ganader\u00edas sostenibles y con certificado de Bienestar Animal\u00a0<\/span><span>Welfair<\/span><span>.<\/span><\/p>\n","protected":false},"featured_media":54680,"comment_status":"open","ping_status":"closed","template":"","meta":{"_acf_changed":false},"product_brand":[],"product_cat":[5862,5890],"product_tag":[],"class_list":{"0":"post-51977","1":"product","2":"type-product","3":"status-publish","4":"has-post-thumbnail","6":"product_cat-quesos-yogures","7":"product_cat-queso-pieza","8":"product_shipping_class-entrega-en-domicilio","9":"pa_preciokg-3550-es","11":"first","12":"instock","13":"taxable","14":"shipping-taxable","15":"purchasable","16":"product-type-simple"},"acf":[],"_links":{"self":[{"href":"https:\/\/escofetoliver.com\/es\/wp-json\/wp\/v2\/product\/51977","targetHints":{"allow":["GET"]}}],"collection":[{"href":"https:\/\/escofetoliver.com\/es\/wp-json\/wp\/v2\/product"}],"about":[{"href":"https:\/\/escofetoliver.com\/es\/wp-json\/wp\/v2\/types\/product"}],"replies":[{"embeddable":true,"href":"https:\/\/escofetoliver.com\/es\/wp-json\/wp\/v2\/comments?post=51977"}],"wp:featuredmedia":[{"embeddable":true,"href":"https:\/\/escofetoliver.com\/es\/wp-json\/wp\/v2\/media\/54680"}],"wp:attachment":[{"href":"https:\/\/escofetoliver.com\/es\/wp-json\/wp\/v2\/media?parent=51977"}],"wp:term":[{"taxonomy":"product_brand","embeddable":true,"href":"https:\/\/escofetoliver.com\/es\/wp-json\/wp\/v2\/product_brand?post=51977"},{"taxonomy":"product_cat","embeddable":true,"href":"https:\/\/escofetoliver.com\/es\/wp-json\/wp\/v2\/product_cat?post=51977"},{"taxonomy":"product_tag","embeddable":true,"href":"https:\/\/escofetoliver.com\/es\/wp-json\/wp\/v2\/product_tag?post=51977"}],"curies":[{"name":"wp","href":"https:\/\/api.w.org\/{rel}","templated":true}]}}