{"id":49999,"date":"2023-11-09T11:21:37","date_gmt":"2023-11-09T10:21:37","guid":{"rendered":"https:\/\/escofetoliver.com\/?post_type=product&#038;p=49999"},"modified":"2025-03-14T13:08:22","modified_gmt":"2025-03-14T12:08:22","slug":"jamon-cocido-extra","status":"publish","type":"product","link":"https:\/\/escofetoliver.com\/es\/tienda\/embutidos\/cocidos\/jamon-cocido-extra\/","title":{"rendered":"Jam\u00f3n cocido \u00abExtra\u00bb fin\u00edsimo &#8211; 150 g"},"content":{"rendered":"<p>El jam\u00f3n cocido extra destaca por su delicioso sabor, su textura ligeramente fibrosa y su aspecto magn\u00edfico en cada loncha. Es un alimento natural y aut\u00e9ntico, elaborado con jamones de cerdos de calidad, de buenas granjas y alimentados adecuadamente. Es tierno, meloso y rico en prote\u00ednas, cono un nivel cal\u00f3rico equilibrado gracias a su baja composici\u00f3n de grasas.<\/p>\n<p>Su aroma y forma natural convierten el jam\u00f3n cocido extra en un producto excepcional para comidas como <span>el <a href=\"https:\/\/escofetoliver.com\/es\/?s=almuerzo\">almuerzo<\/a><\/span>. Elaborado por La Selva.<\/p>\n<p><span>Un alimento de la mejor selecci\u00f3n para cuidarse.<\/span><\/p>\n<p>&#8212;<\/p>\n<p><span>La\u00a0<\/span>carne de cerdo<span>\u00a0es rica en prote\u00ednas, hierro y vitamina B12 y baja en grasas. Adem\u00e1s, tiene una proporci\u00f3n de \u00e1cidos grasos monoinsaturados y de vitamina B1 superior a otras carnes. Es una carne muy deliciosa y necesaria para cualquier tipo de dieta equilibrada y tiene una textura y sabor diferenciales. Por eso es una de las m\u00e1s consumidas.\u00a0<\/span><\/p>\n","protected":false},"excerpt":{"rendered":"<p>Bolsa al vac\u00edo con aproximadamente 150 g de cocido extra de La Selva.<\/p>\n","protected":false},"featured_media":28818,"comment_status":"open","ping_status":"closed","template":"","meta":{"_acf_changed":false},"product_brand":[],"product_cat":[5920,5860],"product_tag":[7598,7814,7815,7495,7515,7533,11076,7534,11079,7535,11114,7556,7596],"class_list":{"0":"post-49999","1":"product","2":"type-product","3":"status-publish","4":"has-post-thumbnail","6":"product_cat-cocidos","7":"product_cat-embutidos","8":"product_tag-venta-pernil-cuit-es","9":"product_tag-pernil-cuit-extra-es","10":"product_tag-pernil-cuit-extra-finissim-es","11":"product_tag-escofet-oliver-es","12":"product_tag-compra-carn-es","13":"product_tag-venta-carn-es","14":"product_tag-ideas-agosto","15":"product_tag-venta-carn-barcelona-es","16":"product_tag-vuelta-cole","17":"product_tag-carnisseria-online-es","18":"product_tag-ano-nuevo-fresco-saludable","19":"product_tag-carn-barcelona-es","20":"product_tag-pernil-cuit-es","21":"product_shipping_class-entrega-en-domicilio","22":"pa_preciokg-1640-es","23":"pa_promotional-no-es-2","25":"first","26":"instock","27":"taxable","28":"shipping-taxable","29":"purchasable","30":"product-type-simple"},"acf":[],"_links":{"self":[{"href":"https:\/\/escofetoliver.com\/es\/wp-json\/wp\/v2\/product\/49999","targetHints":{"allow":["GET"]}}],"collection":[{"href":"https:\/\/escofetoliver.com\/es\/wp-json\/wp\/v2\/product"}],"about":[{"href":"https:\/\/escofetoliver.com\/es\/wp-json\/wp\/v2\/types\/product"}],"replies":[{"embeddable":true,"href":"https:\/\/escofetoliver.com\/es\/wp-json\/wp\/v2\/comments?post=49999"}],"wp:featuredmedia":[{"embeddable":true,"href":"https:\/\/escofetoliver.com\/es\/wp-json\/wp\/v2\/media\/28818"}],"wp:attachment":[{"href":"https:\/\/escofetoliver.com\/es\/wp-json\/wp\/v2\/media?parent=49999"}],"wp:term":[{"taxonomy":"product_brand","embeddable":true,"href":"https:\/\/escofetoliver.com\/es\/wp-json\/wp\/v2\/product_brand?post=49999"},{"taxonomy":"product_cat","embeddable":true,"href":"https:\/\/escofetoliver.com\/es\/wp-json\/wp\/v2\/product_cat?post=49999"},{"taxonomy":"product_tag","embeddable":true,"href":"https:\/\/escofetoliver.com\/es\/wp-json\/wp\/v2\/product_tag?post=49999"}],"curies":[{"name":"wp","href":"https:\/\/api.w.org\/{rel}","templated":true}]}}