{"id":49676,"date":"2023-10-20T09:58:26","date_gmt":"2023-10-20T07:58:26","guid":{"rendered":"https:\/\/escofetoliver.com\/?post_type=product&#038;p=49676"},"modified":"2025-09-16T12:38:26","modified_gmt":"2025-09-16T10:38:26","slug":"boniato-extra","status":"publish","type":"product","link":"https:\/\/escofetoliver.com\/es\/tienda\/frutas-verduras\/verdura-es\/boniato-extra\/","title":{"rendered":"Boniato \u00abExtra\u00bb &#8211; 500 g"},"content":{"rendered":"<p>El boniato \u00abextra\u00bb es la f\u00e9cula de calidad del oto\u00f1o. Tiene un sabor dulce y suave y es vers\u00e1til. Se puede utilizar en una gran variedad de recetas e incluso como guarnici\u00f3n para varios platos, especialmente de la \u00e9poca oto\u00f1al o en pleno invierno.<\/p>\n<p>Es el alimento digestivo por excelencia, con una presencia notable de fibra; adem\u00e1s que contiene un poco m\u00e1s de az\u00facar natural y almid\u00f3n resistente. Tambi\u00e9n ayuda a proporcionar una fuente constante de energ\u00eda. Est\u00e1 repleto de vitamina C y, lo que es m\u00e1s importante, de vitamina A, que es excelente para la piel. Adem\u00e1s, est\u00e1 repleto de potasio, magnesio y calcio para que te sientas fuerte y sano.<\/p>\n","protected":false},"excerpt":{"rendered":"<p>500 de boniato a granel.<\/p>\n","protected":false},"featured_media":49677,"comment_status":"open","ping_status":"closed","template":"","meta":{"_acf_changed":false},"product_brand":[],"product_cat":[9096,9928],"product_tag":[9013,10915,10916,10936],"class_list":{"0":"post-49676","1":"product","2":"type-product","3":"status-publish","4":"has-post-thumbnail","6":"product_cat-frutas-verduras","7":"product_cat-verdura-es","8":"product_tag-verdura-es-2","9":"product_tag-otono","10":"product_tag-tardor","11":"product_tag-moniato","12":"product_shipping_class-entrega-en-domicilio","14":"first","15":"instock","16":"taxable","17":"shipping-taxable","18":"purchasable","19":"product-type-simple"},"acf":[],"_links":{"self":[{"href":"https:\/\/escofetoliver.com\/es\/wp-json\/wp\/v2\/product\/49676","targetHints":{"allow":["GET"]}}],"collection":[{"href":"https:\/\/escofetoliver.com\/es\/wp-json\/wp\/v2\/product"}],"about":[{"href":"https:\/\/escofetoliver.com\/es\/wp-json\/wp\/v2\/types\/product"}],"replies":[{"embeddable":true,"href":"https:\/\/escofetoliver.com\/es\/wp-json\/wp\/v2\/comments?post=49676"}],"wp:featuredmedia":[{"embeddable":true,"href":"https:\/\/escofetoliver.com\/es\/wp-json\/wp\/v2\/media\/49677"}],"wp:attachment":[{"href":"https:\/\/escofetoliver.com\/es\/wp-json\/wp\/v2\/media?parent=49676"}],"wp:term":[{"taxonomy":"product_brand","embeddable":true,"href":"https:\/\/escofetoliver.com\/es\/wp-json\/wp\/v2\/product_brand?post=49676"},{"taxonomy":"product_cat","embeddable":true,"href":"https:\/\/escofetoliver.com\/es\/wp-json\/wp\/v2\/product_cat?post=49676"},{"taxonomy":"product_tag","embeddable":true,"href":"https:\/\/escofetoliver.com\/es\/wp-json\/wp\/v2\/product_tag?post=49676"}],"curies":[{"name":"wp","href":"https:\/\/api.w.org\/{rel}","templated":true}]}}