{"id":49297,"date":"2023-09-19T09:48:30","date_gmt":"2023-09-19T07:48:30","guid":{"rendered":"https:\/\/escofetoliver.com\/?post_type=product&#038;p=49297"},"modified":"2023-09-19T10:15:13","modified_gmt":"2023-09-19T08:15:13","slug":"jamon-pato","status":"publish","type":"product","link":"https:\/\/escofetoliver.com\/es\/tienda\/embutidos\/pato\/jamon-pato\/","title":{"rendered":"Jam\u00f3n de pato loncheado &#8211; 50 g"},"content":{"rendered":"<p>El jam\u00f3n de pato que ofrecemos en nuestra charcuter\u00eda es una delicatessen que se elabora al estilo artesanal; curando y sazonando el magret de pato m\u00e1s natural. El sabor y textura de este jam\u00f3n es \u00fanico y distintivo, a la vez de un alimento exquisito y delicioso. Se puede incluir en varios entrantes y aperitivos. Calidad Imperia.<\/p>\n<p>Al\u00e9rgenos: Lactosa. SIN GLUTEN.<\/p>\n<p>Ingredientes: Magret de pato cebado, sal, LACTOSA, az\u00facar, pimienta negra, conservadores E-250 y E-252, antioxidante E-301.<\/p>\n<p>Caducidad: 6 meses.<\/p>\n<p>&nbsp;<\/p>\n","protected":false},"excerpt":{"rendered":"<p>Sobre de 50 g de jam\u00f3n de pato loncheado.<\/p>\n","protected":false},"featured_media":28092,"comment_status":"open","ping_status":"closed","template":"","meta":{"_acf_changed":false},"product_brand":[],"product_cat":[5936],"product_tag":[10058,10893,10894,10895,10901,7584,7740],"class_list":{"0":"post-49297","1":"product","2":"type-product","3":"status-publish","4":"has-post-thumbnail","6":"product_cat-pato","7":"product_tag-pato-es-2","8":"product_tag-jamon-de-pato-es","9":"product_tag-imperia-es","10":"product_tag-delicatessen-es","11":"product_tag-xarcuteria-es","12":"product_tag-pernil-es","13":"product_tag-pato-es","14":"pa_promotional-no-es-2","16":"first","17":"instock","18":"taxable","19":"shipping-taxable","20":"purchasable","21":"product-type-simple"},"acf":[],"_links":{"self":[{"href":"https:\/\/escofetoliver.com\/es\/wp-json\/wp\/v2\/product\/49297","targetHints":{"allow":["GET"]}}],"collection":[{"href":"https:\/\/escofetoliver.com\/es\/wp-json\/wp\/v2\/product"}],"about":[{"href":"https:\/\/escofetoliver.com\/es\/wp-json\/wp\/v2\/types\/product"}],"replies":[{"embeddable":true,"href":"https:\/\/escofetoliver.com\/es\/wp-json\/wp\/v2\/comments?post=49297"}],"wp:featuredmedia":[{"embeddable":true,"href":"https:\/\/escofetoliver.com\/es\/wp-json\/wp\/v2\/media\/28092"}],"wp:attachment":[{"href":"https:\/\/escofetoliver.com\/es\/wp-json\/wp\/v2\/media?parent=49297"}],"wp:term":[{"taxonomy":"product_brand","embeddable":true,"href":"https:\/\/escofetoliver.com\/es\/wp-json\/wp\/v2\/product_brand?post=49297"},{"taxonomy":"product_cat","embeddable":true,"href":"https:\/\/escofetoliver.com\/es\/wp-json\/wp\/v2\/product_cat?post=49297"},{"taxonomy":"product_tag","embeddable":true,"href":"https:\/\/escofetoliver.com\/es\/wp-json\/wp\/v2\/product_tag?post=49297"}],"curies":[{"name":"wp","href":"https:\/\/api.w.org\/{rel}","templated":true}]}}