{"id":48843,"date":"2023-07-11T10:04:02","date_gmt":"2023-07-11T08:04:02","guid":{"rendered":"https:\/\/escofetoliver.com\/?post_type=product&#038;p=48843"},"modified":"2025-11-11T10:24:30","modified_gmt":"2025-11-11T09:24:30","slug":"pera-ercolina","status":"publish","type":"product","link":"https:\/\/escofetoliver.com\/es\/tienda\/frutas-verduras\/fruta\/pera-ercolina\/","title":{"rendered":"Pera Ercolina &#8211; 500 g"},"content":{"rendered":"<p>Una fruta de temporada de verano, que se agradece incluir en nuestra dieta por su aportaci\u00f3n refrescante.<\/p>\n<p>La Pera Ercolina proviene de la Toscana, aunque la traemos directa desde los campos de Murcia. Es una pera muy peque\u00f1ita y la podemos distinguir por su color amarillo. Una pieza refrescante, que es recomendable para los m\u00e1s peque\u00f1os de la casa, siendo adem\u00e1s muy jugosa con una piel fin\u00edsima y f\u00e1cil de comer.<\/p>\n<p>La Pera Ercolina es una fuente de salud que beneficia a nuestros intestinos y sobre todo la circulaci\u00f3n sangu\u00ednea, teniendo una alta aportaci\u00f3n de vitamina y minerales.<\/p>\n<p>Otras peras de verano son, por ejemplo, las <a href=\"https:\/\/escofetoliver.com\/es\/tienda\/frutas-verduras\/fruta\/pera-moscatella-20-unidades-500-g\/\">moscatella<\/a>.<\/p>\n<p>&nbsp;<\/p>\n","protected":false},"excerpt":{"rendered":"<p>500 g de peras a granel.<\/p>\n","protected":false},"featured_media":48845,"comment_status":"open","ping_status":"closed","template":"","meta":{"_acf_changed":false},"product_brand":[],"product_cat":[9096,9930],"product_tag":[10658,10659,10660,7495,8120,9238,9248],"class_list":{"0":"post-48843","1":"product","2":"type-product","3":"status-publish","4":"has-post-thumbnail","6":"product_cat-frutas-verduras","7":"product_cat-fruta","8":"product_tag-peras","9":"product_tag-peritas","10":"product_tag-fruites-i-verdures-macia","11":"product_tag-escofet-oliver-es","12":"product_tag-frutas-es","13":"product_tag-pera-es","14":"product_tag-frutas-y-verduras","15":"product_shipping_class-entrega-en-domicilio","16":"pa_preciokg-10734","18":"first","19":"instock","20":"taxable","21":"shipping-taxable","22":"purchasable","23":"product-type-simple"},"acf":[],"_links":{"self":[{"href":"https:\/\/escofetoliver.com\/es\/wp-json\/wp\/v2\/product\/48843","targetHints":{"allow":["GET"]}}],"collection":[{"href":"https:\/\/escofetoliver.com\/es\/wp-json\/wp\/v2\/product"}],"about":[{"href":"https:\/\/escofetoliver.com\/es\/wp-json\/wp\/v2\/types\/product"}],"replies":[{"embeddable":true,"href":"https:\/\/escofetoliver.com\/es\/wp-json\/wp\/v2\/comments?post=48843"}],"wp:featuredmedia":[{"embeddable":true,"href":"https:\/\/escofetoliver.com\/es\/wp-json\/wp\/v2\/media\/48845"}],"wp:attachment":[{"href":"https:\/\/escofetoliver.com\/es\/wp-json\/wp\/v2\/media?parent=48843"}],"wp:term":[{"taxonomy":"product_brand","embeddable":true,"href":"https:\/\/escofetoliver.com\/es\/wp-json\/wp\/v2\/product_brand?post=48843"},{"taxonomy":"product_cat","embeddable":true,"href":"https:\/\/escofetoliver.com\/es\/wp-json\/wp\/v2\/product_cat?post=48843"},{"taxonomy":"product_tag","embeddable":true,"href":"https:\/\/escofetoliver.com\/es\/wp-json\/wp\/v2\/product_tag?post=48843"}],"curies":[{"name":"wp","href":"https:\/\/api.w.org\/{rel}","templated":true}]}}