{"id":48802,"date":"2023-06-30T11:55:19","date_gmt":"2023-06-30T09:55:19","guid":{"rendered":"https:\/\/escofetoliver.com\/botiga\/sin%20categor\u00eda\/brocheta-cerdo\/"},"modified":"2025-03-25T11:04:59","modified_gmt":"2025-03-25T10:04:59","slug":"brocheta-cerdo","status":"publish","type":"product","link":"https:\/\/escofetoliver.com\/es\/tienda\/elaborados\/frescos-es\/brocheta-cerdo\/","title":{"rendered":"Brocheta de Cerdo &#8211; 4 unidades &#8211; 540 g"},"content":{"rendered":"<p>Nuestras brochetas est\u00e1n elaboradas con la carne del lomo de cerdo. Una carne de calidad, fresca y de granjas de proximidad. Unas brochetas, deliciosas y sanas, que combinan el cerdo con verdura de proximidad. Para cocinar al horno, al grill o hacer a la brasa en una barbacoa.<\/p>\n<p>Sin al\u00e9rgenos.<\/p>\n<p>Ingredientes: <span>Paleta de cerdo, pimiento verde, pimiento rojo, cebolla, agua, sal, piment\u00f3n, aromas, dextrosa, especias, conservantes (E-301 y E-551).<\/span><\/p>\n<p>Conservaci\u00f3n: <span>6 d\u00edas desde la fecha de envasado. 2 d\u00edas una vez abierta la bandeja.<\/span><\/p>\n<p>&nbsp;<\/p>\n","protected":false},"excerpt":{"rendered":"<p>4 brochetas de cerdo de 540 g en total.<\/p>\n","protected":false},"featured_media":48926,"comment_status":"open","ping_status":"closed","template":"","meta":{"_acf_changed":false},"product_brand":[],"product_cat":[5858,5946],"product_tag":[7626],"class_list":{"0":"post-48802","1":"product","2":"type-product","3":"status-publish","4":"has-post-thumbnail","6":"product_cat-elaborados","7":"product_cat-frescos-es","8":"product_tag-barbacoa-es","9":"product_shipping_class-entrega-en-domicilio","10":"pa_preciokg-10841","12":"first","13":"instock","14":"taxable","15":"shipping-taxable","16":"purchasable","17":"product-type-simple"},"acf":[],"_links":{"self":[{"href":"https:\/\/escofetoliver.com\/es\/wp-json\/wp\/v2\/product\/48802","targetHints":{"allow":["GET"]}}],"collection":[{"href":"https:\/\/escofetoliver.com\/es\/wp-json\/wp\/v2\/product"}],"about":[{"href":"https:\/\/escofetoliver.com\/es\/wp-json\/wp\/v2\/types\/product"}],"replies":[{"embeddable":true,"href":"https:\/\/escofetoliver.com\/es\/wp-json\/wp\/v2\/comments?post=48802"}],"wp:featuredmedia":[{"embeddable":true,"href":"https:\/\/escofetoliver.com\/es\/wp-json\/wp\/v2\/media\/48926"}],"wp:attachment":[{"href":"https:\/\/escofetoliver.com\/es\/wp-json\/wp\/v2\/media?parent=48802"}],"wp:term":[{"taxonomy":"product_brand","embeddable":true,"href":"https:\/\/escofetoliver.com\/es\/wp-json\/wp\/v2\/product_brand?post=48802"},{"taxonomy":"product_cat","embeddable":true,"href":"https:\/\/escofetoliver.com\/es\/wp-json\/wp\/v2\/product_cat?post=48802"},{"taxonomy":"product_tag","embeddable":true,"href":"https:\/\/escofetoliver.com\/es\/wp-json\/wp\/v2\/product_tag?post=48802"}],"curies":[{"name":"wp","href":"https:\/\/api.w.org\/{rel}","templated":true}]}}