{"id":48611,"date":"2023-06-16T11:16:35","date_gmt":"2023-06-16T09:16:35","guid":{"rendered":"https:\/\/escofetoliver.com\/botiga\/sin%20categor\u00eda\/pimientos-del-padron-gallego-250-g\/"},"modified":"2026-04-08T10:16:10","modified_gmt":"2026-04-08T08:16:10","slug":"pimiento-padron","status":"publish","type":"product","link":"https:\/\/escofetoliver.com\/es\/tienda\/frutas-verduras\/verdura-es\/pimiento-padron\/","title":{"rendered":"Pimientos del Padr\u00f3n Gallego &#8211; 250 g"},"content":{"rendered":"<p>El Pimiento de Padr\u00f3n es una variedad de la provincia de La Coru\u00f1a. De peque\u00f1as dimensiones, entre unos 5 y 10 cm, tienen como particularidad gastron\u00f3mica, un intenso sabor y un toque picante.<\/p>\n","protected":false},"excerpt":{"rendered":"<p>Son aproximadamente unos 250 g de pimiento a granel.<\/p>\n","protected":false},"featured_media":48612,"comment_status":"closed","ping_status":"closed","template":"","meta":{"_acf_changed":false},"product_brand":[],"product_cat":[9096,9928],"product_tag":[9248,9549,10578,10579,10580],"class_list":{"0":"post-48611","1":"product","2":"type-product","3":"status-publish","4":"has-post-thumbnail","6":"product_cat-frutas-verduras","7":"product_cat-verdura-es","8":"product_tag-frutas-y-verduras","9":"product_tag-pimientos","10":"product_tag-padron","11":"product_tag-pimientos-del-padron","12":"product_tag-pimientos-galicia","13":"product_shipping_class-entrega-en-domicilio","15":"first","16":"instock","17":"taxable","18":"shipping-taxable","19":"purchasable","20":"product-type-simple"},"acf":[],"_links":{"self":[{"href":"https:\/\/escofetoliver.com\/es\/wp-json\/wp\/v2\/product\/48611","targetHints":{"allow":["GET"]}}],"collection":[{"href":"https:\/\/escofetoliver.com\/es\/wp-json\/wp\/v2\/product"}],"about":[{"href":"https:\/\/escofetoliver.com\/es\/wp-json\/wp\/v2\/types\/product"}],"replies":[{"embeddable":true,"href":"https:\/\/escofetoliver.com\/es\/wp-json\/wp\/v2\/comments?post=48611"}],"wp:featuredmedia":[{"embeddable":true,"href":"https:\/\/escofetoliver.com\/es\/wp-json\/wp\/v2\/media\/48612"}],"wp:attachment":[{"href":"https:\/\/escofetoliver.com\/es\/wp-json\/wp\/v2\/media?parent=48611"}],"wp:term":[{"taxonomy":"product_brand","embeddable":true,"href":"https:\/\/escofetoliver.com\/es\/wp-json\/wp\/v2\/product_brand?post=48611"},{"taxonomy":"product_cat","embeddable":true,"href":"https:\/\/escofetoliver.com\/es\/wp-json\/wp\/v2\/product_cat?post=48611"},{"taxonomy":"product_tag","embeddable":true,"href":"https:\/\/escofetoliver.com\/es\/wp-json\/wp\/v2\/product_tag?post=48611"}],"curies":[{"name":"wp","href":"https:\/\/api.w.org\/{rel}","templated":true}]}}