{"id":48530,"date":"2023-06-07T17:16:07","date_gmt":"2023-06-07T15:16:07","guid":{"rendered":"https:\/\/escofetoliver.com\/?post_type=product&#038;p=48530"},"modified":"2024-06-07T11:20:46","modified_gmt":"2024-06-07T09:20:46","slug":"bloc-foie-es","status":"publish","type":"product","link":"https:\/\/escofetoliver.com\/es\/tienda\/embutidos\/pato\/bloc-foie-es\/","title":{"rendered":"Foie Mousse 2&#215;40 Rougie"},"content":{"rendered":"<p>Esta delicatessen de Rougie se convertir\u00e1 en un alimento indispensable en la cocina, ya que es un manjar para el paladar con un delicado sabor y asombrosa textura. El h\u00edgado del pato es emulsionado y trabajado en calor y presi\u00f3n, para obtener un Bloc de Foie Gras de excelente calidad.<\/p>\n<p>Al\u00e9rgenos: Contiene SULFITOS.<\/p>\n<p>Ingredientes:\u00a0Foie gras de pato 55%, h\u00edgado magro de pato 29%, agua, almid\u00f3n de ma\u00edz, sal,\u00a0Arma\u00f1ac,\u00a0Oporto, vino, az\u00facar, especies, antioxidante; ascorbato<span>\u00a0s\u00f3dico; conservador; nitrito de sodio.<\/span><\/p>\n","protected":false},"excerpt":{"rendered":"<p>2 bloques de foie de 20 g cada uno.<\/p>\n<p>&nbsp;<\/p>\n","protected":false},"featured_media":45840,"comment_status":"open","ping_status":"closed","template":"","meta":{"_acf_changed":false},"product_brand":[],"product_cat":[5936],"product_tag":[8267,8983,10058,10074,11067,11076,7495,7740],"class_list":{"0":"post-48530","1":"product","2":"type-product","3":"status-publish","4":"has-post-thumbnail","6":"product_cat-pato","7":"product_tag-sabor-es","8":"product_tag-snacks-es","9":"product_tag-pato-es-2","10":"product_tag-mousse-es","11":"product_tag-prop-sanjuan-24","12":"product_tag-ideas-agosto","13":"product_tag-escofet-oliver-es","14":"product_tag-pato-es","15":"pa_promotional-no-es-2","17":"first","18":"instock","19":"taxable","20":"shipping-taxable","21":"purchasable","22":"product-type-simple"},"acf":[],"_links":{"self":[{"href":"https:\/\/escofetoliver.com\/es\/wp-json\/wp\/v2\/product\/48530","targetHints":{"allow":["GET"]}}],"collection":[{"href":"https:\/\/escofetoliver.com\/es\/wp-json\/wp\/v2\/product"}],"about":[{"href":"https:\/\/escofetoliver.com\/es\/wp-json\/wp\/v2\/types\/product"}],"replies":[{"embeddable":true,"href":"https:\/\/escofetoliver.com\/es\/wp-json\/wp\/v2\/comments?post=48530"}],"wp:featuredmedia":[{"embeddable":true,"href":"https:\/\/escofetoliver.com\/es\/wp-json\/wp\/v2\/media\/45840"}],"wp:attachment":[{"href":"https:\/\/escofetoliver.com\/es\/wp-json\/wp\/v2\/media?parent=48530"}],"wp:term":[{"taxonomy":"product_brand","embeddable":true,"href":"https:\/\/escofetoliver.com\/es\/wp-json\/wp\/v2\/product_brand?post=48530"},{"taxonomy":"product_cat","embeddable":true,"href":"https:\/\/escofetoliver.com\/es\/wp-json\/wp\/v2\/product_cat?post=48530"},{"taxonomy":"product_tag","embeddable":true,"href":"https:\/\/escofetoliver.com\/es\/wp-json\/wp\/v2\/product_tag?post=48530"}],"curies":[{"name":"wp","href":"https:\/\/api.w.org\/{rel}","templated":true}]}}