{"id":48203,"date":"2023-05-04T10:32:37","date_gmt":"2023-05-04T08:32:37","guid":{"rendered":"https:\/\/escofetoliver.com\/botiga\/sin%20categor\u00eda\/steak-tartar-es\/"},"modified":"2025-04-24T10:43:46","modified_gmt":"2025-04-24T08:43:46","slug":"steak-tartar-es","status":"publish","type":"product","link":"https:\/\/escofetoliver.com\/es\/tienda\/carniceria\/ternera\/steak-tartar-es\/","title":{"rendered":"Steak t\u00e1rtar (con salsa especial) &#8211; 1 unidad &#8211; 130 g"},"content":{"rendered":"<p><span>Siguiendo una receta tradicional de Francia, este\u00a0<\/span><span class=\"hiddenSpellError\" onkeypress=\"MORFOLOGIK_RULE_ES---#---undefined---#---Se ha encontrado un posible error ortogr\u00e1fico.---#---tartar#tardar#tarta#t\u00e1rtaro#tartas#t\u00e1rtara#tart\u00e1n#hartar#tarar#tarjar#tartan---#---t\u00e1rtar\">t\u00e1rtar<\/span><span>\u00a0est\u00e1 elaborado con carne cruda muy picada de filete de ternera. Se puede servir con yema de huevo, por ejemplo.<\/span><\/p>\n<p><span>Viene acompa\u00f1ado con salsa especial cl\u00e1sica.<\/span><\/p>\n<p>&nbsp;<\/p>\n<p>ALERGENOS: Mostaza, sulfitos, PESCADO y HUEVO.<\/p>\n<p>INGREDIENTES:<\/p>\n<p><span>Aceite de oliva virgen extra, MOSTAZA en grano (agua, vinagre de alcohol, semillas de MOSTAZA, sal, acidulante [E330], aromas, antioxidante [<\/span><span class=\"hiddenSpellError\" onkeypress=\"MORFOLOGIK_RULE_ES---#---undefined---#---Se ha encontrado un posible error ortogr\u00e1fico.---#---METABISULFITOS---#---METABISUALFITOS\">METABISUALFITOS<\/span><span>\u00a0de potasio] y\u00a0<\/span><span class=\"hiddenSpellError\" onkeypress=\"MORFOLOGIK_RULE_ES---#---undefined---#---Se ha encontrado un posible error ortogr\u00e1fico.---#---c\u00farcuma#curuma#c\u00farcumas---#---curcuma\">c\u00farcuma<\/span><span>), mayonesa (aceite de soja, agua, yema de HUEVO, vinagre de vino blanco, az\u00facar, sal, almid\u00f3n modificado de ma\u00edz, zumo de lim\u00f3n concentrado, antioxidante[E385], extracto de piment\u00f3n, colorante, [caroteno]), alcaparras, chalota, vermut rojo [vinos, az\u00facar, alcohol, aroma, colorante [<\/span><span class=\"hiddenSpellError\" onkeypress=\"MORFOLOGIK_RULE_ES---#---undefined---#---Se ha encontrado un posible error ortogr\u00e1fico.---#---Esnob#EPUB---#---E150b\">E150b<\/span><span>]]<\/span><span class=\"hiddenGrammarError\" onkeypress=\"ES_UNPAIRED_BRACKETS---#---undefined---#---S\u00edmbolo desparejado: Parece que falta un \u2018(\u2019.---#------#---)\">)<\/span><span>, salsa\u00a0<\/span><span class=\"hiddenSpellError\" onkeypress=\"MORFOLOGIK_RULE_ES---#---undefined---#---Se ha encontrado un posible error ortogr\u00e1fico.---#------#---Worcestershire\">Worcestershire<\/span><span>\u00a0(agua, sal, cebolla, anchoas, [PESCADO], ajo, clavo, extracto de tamarindo, aroma, extracto de chile) tomate k\u00e9tchup (tomate, az\u00facar, jarabe de glucosa y fructosa, vinagre, sal, conservador [E211 y E202] y especias), tabasco y conservador (E202).<\/span><\/p>\n<p>CADUCIDAD: <span>La fecha de caducidad viene indicada en el envase.<\/span><\/p>\n","protected":false},"excerpt":{"rendered":"<p>1 porci\u00f3n de carne de ternera de 130 g con envase de pl\u00e1stico de salsa de cl\u00e1sica.<\/p>\n","protected":false},"featured_media":48223,"comment_status":"open","ping_status":"closed","template":"","meta":{"_acf_changed":false},"product_brand":[],"product_cat":[5854,5886],"product_tag":[10519,11069,11076,11205,10512,10513,10514,10515,7509,10516,7510,10517,8454,10518,8455],"class_list":{"0":"post-48203","1":"product","2":"type-product","3":"status-publish","4":"has-post-thumbnail","6":"product_cat-carniceria","7":"product_cat-ternera","8":"product_tag-tartare-es","9":"product_tag-disfruta-julio-muy-fresco","10":"product_tag-ideas-agosto","11":"product_tag-comete-el-verano","12":"product_tag-steak-es","13":"product_tag-steak-tartar-es","14":"product_tag-steak-tartare-es","15":"product_tag-tartar-de-carne-es","16":"product_tag-vedella-es","17":"product_tag-hacer-tartar-es","18":"product_tag-ternera-es","19":"product_tag-tartar-es","20":"product_tag-francia-es","21":"product_tag-especial-es","22":"product_tag-franca-es","23":"product_shipping_class-entrega-en-domicilio","24":"pa_preciokg-10015","25":"pa_presentacio-safata-2","26":"pa_presentacio-envase-es","28":"first","29":"instock","30":"taxable","31":"shipping-taxable","32":"purchasable","33":"product-type-simple"},"acf":[],"_links":{"self":[{"href":"https:\/\/escofetoliver.com\/es\/wp-json\/wp\/v2\/product\/48203","targetHints":{"allow":["GET"]}}],"collection":[{"href":"https:\/\/escofetoliver.com\/es\/wp-json\/wp\/v2\/product"}],"about":[{"href":"https:\/\/escofetoliver.com\/es\/wp-json\/wp\/v2\/types\/product"}],"replies":[{"embeddable":true,"href":"https:\/\/escofetoliver.com\/es\/wp-json\/wp\/v2\/comments?post=48203"}],"wp:featuredmedia":[{"embeddable":true,"href":"https:\/\/escofetoliver.com\/es\/wp-json\/wp\/v2\/media\/48223"}],"wp:attachment":[{"href":"https:\/\/escofetoliver.com\/es\/wp-json\/wp\/v2\/media?parent=48203"}],"wp:term":[{"taxonomy":"product_brand","embeddable":true,"href":"https:\/\/escofetoliver.com\/es\/wp-json\/wp\/v2\/product_brand?post=48203"},{"taxonomy":"product_cat","embeddable":true,"href":"https:\/\/escofetoliver.com\/es\/wp-json\/wp\/v2\/product_cat?post=48203"},{"taxonomy":"product_tag","embeddable":true,"href":"https:\/\/escofetoliver.com\/es\/wp-json\/wp\/v2\/product_tag?post=48203"}],"curies":[{"name":"wp","href":"https:\/\/api.w.org\/{rel}","templated":true}]}}