{"id":47996,"date":"2023-04-03T11:53:53","date_gmt":"2023-04-03T09:53:53","guid":{"rendered":"https:\/\/escofetoliver.com\/botiga\/sin%20categor\u00eda\/mortadela-milanesa-aceitunas\/"},"modified":"2025-05-26T12:33:43","modified_gmt":"2025-05-26T10:33:43","slug":"mortadela-milanesa-aceitunas","status":"publish","type":"product","link":"https:\/\/escofetoliver.com\/es\/tienda\/embutidos\/cocidos\/mortadela-milanesa-aceitunas\/","title":{"rendered":"Mortadela La Milanesa con aceitunas &#8211; 150 g"},"content":{"rendered":"<p>Mortadela<span> de carne de cerdo de primera categor\u00eda y de gran calidad, con aceitunas.<\/span><\/p>\n<p><strong>Al\u00e9rgenos: <\/strong>Puede contener trazas de leche, pistachos y huevo.<span><\/span><\/p>\n<p><strong>Ingredientes:<\/strong><\/p>\n<p>Carne de cerdo 80% (origen Espa\u00f1a), agua, vino, especias, estabilizador: di y polifosfatos, dextrosa, antioxidante: \u00e1cido asc\u00f3rbico, conservante: nitrito s\u00f3dico, potenciador del sabor: glutamato monos\u00f3dico, apio y mostaza.<\/p>\n<p><strong>\u00a0<\/strong><\/p>\n<p>&nbsp;<\/p>\n","protected":false},"excerpt":{"rendered":"<p>150 g de mortadela de cerdo.<\/p>\n","protected":false},"featured_media":47995,"comment_status":"open","ping_status":"closed","template":"","meta":{"_acf_changed":false},"product_brand":[],"product_cat":[5860,5920],"product_tag":[11079],"class_list":{"0":"post-47996","1":"product","2":"type-product","3":"status-publish","4":"has-post-thumbnail","6":"product_cat-embutidos","7":"product_cat-cocidos","8":"product_tag-vuelta-cole","10":"first","11":"instock","12":"taxable","13":"shipping-taxable","14":"purchasable","15":"product-type-simple"},"acf":[],"_links":{"self":[{"href":"https:\/\/escofetoliver.com\/es\/wp-json\/wp\/v2\/product\/47996","targetHints":{"allow":["GET"]}}],"collection":[{"href":"https:\/\/escofetoliver.com\/es\/wp-json\/wp\/v2\/product"}],"about":[{"href":"https:\/\/escofetoliver.com\/es\/wp-json\/wp\/v2\/types\/product"}],"replies":[{"embeddable":true,"href":"https:\/\/escofetoliver.com\/es\/wp-json\/wp\/v2\/comments?post=47996"}],"wp:featuredmedia":[{"embeddable":true,"href":"https:\/\/escofetoliver.com\/es\/wp-json\/wp\/v2\/media\/47995"}],"wp:attachment":[{"href":"https:\/\/escofetoliver.com\/es\/wp-json\/wp\/v2\/media?parent=47996"}],"wp:term":[{"taxonomy":"product_brand","embeddable":true,"href":"https:\/\/escofetoliver.com\/es\/wp-json\/wp\/v2\/product_brand?post=47996"},{"taxonomy":"product_cat","embeddable":true,"href":"https:\/\/escofetoliver.com\/es\/wp-json\/wp\/v2\/product_cat?post=47996"},{"taxonomy":"product_tag","embeddable":true,"href":"https:\/\/escofetoliver.com\/es\/wp-json\/wp\/v2\/product_tag?post=47996"}],"curies":[{"name":"wp","href":"https:\/\/api.w.org\/{rel}","templated":true}]}}