{"id":47392,"date":"2023-02-20T13:04:32","date_gmt":"2023-02-20T12:04:32","guid":{"rendered":"https:\/\/escofetoliver.com\/botiga\/sin%20categor\u00eda\/pollo-al-ast\/"},"modified":"2024-03-25T12:43:22","modified_gmt":"2024-03-25T11:43:22","slug":"pollo-al-ast","status":"publish","type":"product","link":"https:\/\/escofetoliver.com\/es\/tienda\/cocinados-legumbres\/especialidad\/pollo-al-ast\/","title":{"rendered":"Pollo a l&#8217;Ast &#8211; 600 g"},"content":{"rendered":"<p><span>No hay un <strong>Pollo al\u00a0<\/strong><\/span><strong><span class=\"hiddenSpellError\" onkeypress=\"MORFOLOGIK_RULE_ES---#---undefined---#---Se ha encontrado un posible error ortogr\u00e1fico.---#---As\u00ed#As#Asta#Asa#As\u00f3#Aso#As\u00e9#ATT#Asp#Asti#Ase#As\u00e1---#---Ast\">Ast<\/span><\/strong><span><strong>\u00a0<\/strong>como el de\u00a0<\/span><span class=\"hiddenSpellError\" onkeypress=\"MORFOLOGIK_RULE_ES---#---undefined---#---Se ha encontrado un posible error ortogr\u00e1fico.---#---Escoc\u00e9s#Escoger#Escoge#Escopeta#Escogen#Esc\u00f3lex#Escoges#Escotes#Escob\u00e9n#Escolte#Escuecen#Escobeta#Escores#Escuece#Escoced#Escocer#Escocete#Escoc\u00e9#Escode#Escoden#Escodes#Escod\u00e9#Escofieta#Escoged#Escogete#Escog\u00e9#Escog\u00e9s#Escoleta#Escore#Escoren#Escor\u00e9#Escote#Escoten#Escot\u00e9#Escueces#Esc\u00f3dete#Esc\u00f3gete#Esc\u00f3rete#Esc\u00f3tete#Estofe#Estofen#Estofes#Estof\u00e9#Est\u00f3fete---#---Escofet\">Escofet<\/span><span> Oliver. El mejor plato \u00fanico para las comidas familiares de fin de semana, siguiendo la tradici\u00f3n.<\/span><\/p>\n<p><span>Un pollo de proximidad. Con unos sabores aut\u00e9nticos del Mediterr\u00e1neo, muy intensos, y que adem\u00e1s se disfruta por su corteza crujiente y un interior muy jugoso. Viene presentado con una guarnici\u00f3n de patatas y cebollas, su <\/span><span class=\"hiddenSpellError\" onkeypress=\"MORFOLOGIK_RULE_ES---#---undefined---#---Se ha encontrado un posible error ortogr\u00e1fico.---#---salci\u00f1a#salita#salsina#sal sita---#---salsita\">salsita<\/span><span>, y muy bien<\/span><span>\u00a0condimentado. Un plato preparado a baja temperatura que puedes calentar casa f\u00e1cilmente al horno.<\/span><\/p>\n<p>El <strong>pollo<\/strong> es un animal con una carne muy rica en prote\u00ednas. Tambi\u00e9n aporta una gran cantidad de vitaminas (del grupo B) al organismo, y es una buena fuente de hierro, fosfato y cinc.<\/p>\n<p><strong>Sin al\u00e9rgenos<\/strong>.<\/p>\n<p><strong>Ingredientes<\/strong>:<\/p>\n<p>Pollo, patatas, cebolla, aceite de oliva, sal y especias.<\/p>\n<p><strong>Caducidad<\/strong>: Viene especificada en el envase.<\/p>\n","protected":false},"excerpt":{"rendered":"<p>Pollo al Ast con guarnici\u00f3n y salsa, envasado en bandeja de aluminio. 600 g aproximadamente.<\/p>\n","protected":false},"featured_media":47394,"comment_status":"open","ping_status":"closed","template":"","meta":{"_acf_changed":false},"product_brand":[],"product_cat":[5864,8628],"product_tag":[10443,10433,10444,10434,10445,10435,6044,10436,7495,10437,7505,10438,7565,10439,10440,10441,10431,10442,10432],"class_list":{"0":"post-47392","1":"product","2":"type-product","3":"status-publish","4":"has-post-thumbnail","6":"product_cat-cocinados-legumbres","7":"product_cat-especialidad","8":"product_tag-cuina-cassolana-es","9":"product_tag-pollastre-a-last-es","10":"product_tag-receta-pollo-a-last-es","11":"product_tag-pollo-al-ast-es","12":"product_tag-pollos-escofet-oliver-es","13":"product_tag-pollastre-alast-es","14":"product_tag-pollo","15":"product_tag-pollos-asados-es","16":"product_tag-escofet-oliver-es","17":"product_tag-pollos-al-ast-es","18":"product_tag-mediterrani-es","19":"product_tag-rostisseria-es","20":"product_tag-pollastre-es","21":"product_tag-pollos-a-l-ast-barcelona-es","22":"product_tag-rostisseria-cerca-de-mi-es","23":"product_tag-pollo-alast-a-domicilio-es","24":"product_tag-pollastre-escofet-oliver-es","25":"product_tag-menjar-preparat-es","26":"product_tag-diumenge-es","27":"product_shipping_class-entrega-en-domicilio","29":"first","30":"instock","31":"taxable","32":"shipping-taxable","33":"purchasable","34":"product-type-simple"},"acf":[],"_links":{"self":[{"href":"https:\/\/escofetoliver.com\/es\/wp-json\/wp\/v2\/product\/47392","targetHints":{"allow":["GET"]}}],"collection":[{"href":"https:\/\/escofetoliver.com\/es\/wp-json\/wp\/v2\/product"}],"about":[{"href":"https:\/\/escofetoliver.com\/es\/wp-json\/wp\/v2\/types\/product"}],"replies":[{"embeddable":true,"href":"https:\/\/escofetoliver.com\/es\/wp-json\/wp\/v2\/comments?post=47392"}],"wp:featuredmedia":[{"embeddable":true,"href":"https:\/\/escofetoliver.com\/es\/wp-json\/wp\/v2\/media\/47394"}],"wp:attachment":[{"href":"https:\/\/escofetoliver.com\/es\/wp-json\/wp\/v2\/media?parent=47392"}],"wp:term":[{"taxonomy":"product_brand","embeddable":true,"href":"https:\/\/escofetoliver.com\/es\/wp-json\/wp\/v2\/product_brand?post=47392"},{"taxonomy":"product_cat","embeddable":true,"href":"https:\/\/escofetoliver.com\/es\/wp-json\/wp\/v2\/product_cat?post=47392"},{"taxonomy":"product_tag","embeddable":true,"href":"https:\/\/escofetoliver.com\/es\/wp-json\/wp\/v2\/product_tag?post=47392"}],"curies":[{"name":"wp","href":"https:\/\/api.w.org\/{rel}","templated":true}]}}