{"id":47141,"date":"2023-02-03T12:39:15","date_gmt":"2023-02-03T11:39:15","guid":{"rendered":"https:\/\/escofetoliver.com\/?post_type=product&#038;p=47141"},"modified":"2026-01-27T09:26:42","modified_gmt":"2026-01-27T08:26:42","slug":"ciruela-amarilla","status":"publish","type":"product","link":"https:\/\/escofetoliver.com\/es\/tienda\/frutas-verduras\/fruta\/ciruela-amarilla\/","title":{"rendered":"Ciruela Amarilla &#8211; 5 uds aprox &#8211; 500 g"},"content":{"rendered":"<p><span>Ciruela amarilla Nacional, tambi\u00e9n conocida como ciruela de lim\u00f3n, es original del continente americano y de la India Occidental.<\/span><\/p>\n<p><span>En comparaci\u00f3n con las ciruelas europeas y japonesas, tiene un tama\u00f1o m\u00e1s peque\u00f1o y una firme pula. Esta fruta se recomienda para adultos y ni\u00f1os porque adem\u00e1s contiene minerales como el calcio, f\u00f3sforo, hierro, magnesio y\u00a0<\/span><span>sobre todo<\/span><span>\u00a0potasio (con un aporte parecido al pl\u00e1tano), raz\u00f3n por la cual la ciruela amarilla es consumida a diario por deportistas.<\/span><\/p>\n<p><span><strong>Al\u00e9rgenos<\/strong>: La prote\u00edna de la\u00a0<\/span><em>ciruela<\/em><span>\u00a0puede ser al\u00e9rgica para ciertos sistemas inmunitarios.<\/span><\/p>\n","protected":false},"excerpt":{"rendered":"<p>500 g de ciruela.<\/p>\n","protected":false},"featured_media":47142,"comment_status":"open","ping_status":"closed","template":"","meta":{"_acf_changed":false},"product_brand":[],"product_cat":[9096,9930],"product_tag":[9322,8120,10205,8248,10206,10207,10208,9247,10209,9248,9251,9320,9321],"class_list":{"0":"post-47141","1":"product","2":"type-product","3":"status-publish","4":"has-post-thumbnail","6":"product_cat-frutas-verduras","7":"product_cat-fruta","8":"product_tag-pruna","9":"product_tag-frutas-es","10":"product_tag-prunes","11":"product_tag-fruta-es","12":"product_tag-potasio","13":"product_tag-potassi","14":"product_tag-deporte","15":"product_tag-fruites","16":"product_tag-esport","17":"product_tag-frutas-y-verduras","18":"product_tag-fruit","19":"product_tag-ciruela","20":"product_tag-ciruela-amarilla","21":"product_shipping_class-entrega-en-domicilio","22":"pa_preciokg-630-2","24":"first","25":"instock","26":"taxable","27":"shipping-taxable","28":"purchasable","29":"product-type-simple"},"acf":[],"_links":{"self":[{"href":"https:\/\/escofetoliver.com\/es\/wp-json\/wp\/v2\/product\/47141","targetHints":{"allow":["GET"]}}],"collection":[{"href":"https:\/\/escofetoliver.com\/es\/wp-json\/wp\/v2\/product"}],"about":[{"href":"https:\/\/escofetoliver.com\/es\/wp-json\/wp\/v2\/types\/product"}],"replies":[{"embeddable":true,"href":"https:\/\/escofetoliver.com\/es\/wp-json\/wp\/v2\/comments?post=47141"}],"wp:featuredmedia":[{"embeddable":true,"href":"https:\/\/escofetoliver.com\/es\/wp-json\/wp\/v2\/media\/47142"}],"wp:attachment":[{"href":"https:\/\/escofetoliver.com\/es\/wp-json\/wp\/v2\/media?parent=47141"}],"wp:term":[{"taxonomy":"product_brand","embeddable":true,"href":"https:\/\/escofetoliver.com\/es\/wp-json\/wp\/v2\/product_brand?post=47141"},{"taxonomy":"product_cat","embeddable":true,"href":"https:\/\/escofetoliver.com\/es\/wp-json\/wp\/v2\/product_cat?post=47141"},{"taxonomy":"product_tag","embeddable":true,"href":"https:\/\/escofetoliver.com\/es\/wp-json\/wp\/v2\/product_tag?post=47141"}],"curies":[{"name":"wp","href":"https:\/\/api.w.org\/{rel}","templated":true}]}}