{"id":46938,"date":"2023-01-19T10:53:17","date_gmt":"2023-01-19T09:53:17","guid":{"rendered":"https:\/\/escofetoliver.com\/?post_type=product&#038;p=46938"},"modified":"2023-05-23T10:18:51","modified_gmt":"2023-05-23T08:18:51","slug":"patatas-torres-50","status":"publish","type":"product","link":"https:\/\/escofetoliver.com\/es\/tienda\/despensa\/conservas-aperitivos\/patatas-torres-50\/","title":{"rendered":"Patatas fritas artesanas Torres  &#8211; 50 g"},"content":{"rendered":"<p>Patatas fritas elaboradas con las mejores materias primas y fieles a la receta familiar.<br \/>\nEn Torres seleccionan patata agria de gran calidad, cultivada en los mejores campos de cultivo de la pen\u00ednsula Ib\u00e9rica, con los que llevan trabajando m\u00e1s de treinta a\u00f1os y donde la altitud y las condiciones meteorol\u00f3gicas y geol\u00f3gicas los permiten obtener una materia prima de excelente calidad para asegurar la mejor patata frita.<\/p>\n<p>\u00a1Para los amantes de los sabores naturales este es el snack perfecto!<\/p>\n<p><strong>Ingredientes\u00a0<\/strong>Patatas, aceite de girasol y sal.<\/p>\n<p><strong>SIN AL\u00c9RGENOS NI TRAZAS<\/strong><\/p>\n","protected":false},"excerpt":{"rendered":"<p>Bolsa de 50 g de patatas fritas.<\/p>\n","protected":false},"featured_media":48232,"comment_status":"open","ping_status":"closed","template":"","meta":{"_acf_changed":false},"product_brand":[],"product_cat":[5866,5902],"product_tag":[8006,8009,8010],"class_list":{"0":"post-46938","1":"product","2":"type-product","3":"status-publish","4":"has-post-thumbnail","6":"product_cat-despensa","7":"product_cat-conservas-aperitivos","8":"product_tag-patates-torras-escofet-oliver-es","9":"product_tag-patatas-fritas-torres-barcelona-es","10":"product_tag-patates-fregides-torres-es","11":"product_shipping_class-entrega-en-domicilio","12":"pa_promotional-no-es-2","14":"first","15":"instock","16":"taxable","17":"shipping-taxable","18":"purchasable","19":"product-type-simple"},"acf":[],"_links":{"self":[{"href":"https:\/\/escofetoliver.com\/es\/wp-json\/wp\/v2\/product\/46938","targetHints":{"allow":["GET"]}}],"collection":[{"href":"https:\/\/escofetoliver.com\/es\/wp-json\/wp\/v2\/product"}],"about":[{"href":"https:\/\/escofetoliver.com\/es\/wp-json\/wp\/v2\/types\/product"}],"replies":[{"embeddable":true,"href":"https:\/\/escofetoliver.com\/es\/wp-json\/wp\/v2\/comments?post=46938"}],"wp:featuredmedia":[{"embeddable":true,"href":"https:\/\/escofetoliver.com\/es\/wp-json\/wp\/v2\/media\/48232"}],"wp:attachment":[{"href":"https:\/\/escofetoliver.com\/es\/wp-json\/wp\/v2\/media?parent=46938"}],"wp:term":[{"taxonomy":"product_brand","embeddable":true,"href":"https:\/\/escofetoliver.com\/es\/wp-json\/wp\/v2\/product_brand?post=46938"},{"taxonomy":"product_cat","embeddable":true,"href":"https:\/\/escofetoliver.com\/es\/wp-json\/wp\/v2\/product_cat?post=46938"},{"taxonomy":"product_tag","embeddable":true,"href":"https:\/\/escofetoliver.com\/es\/wp-json\/wp\/v2\/product_tag?post=46938"}],"curies":[{"name":"wp","href":"https:\/\/api.w.org\/{rel}","templated":true}]}}