{"id":46855,"date":"2023-01-11T17:45:15","date_gmt":"2023-01-11T16:45:15","guid":{"rendered":"https:\/\/escofetoliver.com\/?post_type=product&#038;p=46855"},"modified":"2025-05-26T12:21:58","modified_gmt":"2025-05-26T10:21:58","slug":"emmental-frances-rallado","status":"publish","type":"product","link":"https:\/\/escofetoliver.com\/es\/tienda\/quesos-yogures\/queso-rallado\/emmental-frances-rallado\/","title":{"rendered":"Emmenthal franc\u00e9s rallado &#8211; 70 g"},"content":{"rendered":"<p>Queso rallado de leche originaria de la Breta\u00f1a francesa y los pa\u00edses del Loira, tierras de los ganaderos productores del emmenthal.<\/p>\n<p><strong>Al\u00e9rgenos<\/strong> Derivados de la LECHE.<\/p>\n","protected":false},"excerpt":{"rendered":"<p>Bolsa de 70 g.<\/p>\n","protected":false},"featured_media":46857,"comment_status":"open","ping_status":"closed","template":"","meta":{"_acf_changed":false},"product_brand":[],"product_cat":[5862,5908],"product_tag":[],"class_list":{"0":"post-46855","1":"product","2":"type-product","3":"status-publish","4":"has-post-thumbnail","6":"product_cat-quesos-yogures","7":"product_cat-queso-rallado","8":"product_shipping_class-entrega-en-domicilio","9":"pa_promotional-no-es-2","11":"first","12":"instock","13":"taxable","14":"shipping-taxable","15":"purchasable","16":"product-type-simple"},"acf":[],"_links":{"self":[{"href":"https:\/\/escofetoliver.com\/es\/wp-json\/wp\/v2\/product\/46855","targetHints":{"allow":["GET"]}}],"collection":[{"href":"https:\/\/escofetoliver.com\/es\/wp-json\/wp\/v2\/product"}],"about":[{"href":"https:\/\/escofetoliver.com\/es\/wp-json\/wp\/v2\/types\/product"}],"replies":[{"embeddable":true,"href":"https:\/\/escofetoliver.com\/es\/wp-json\/wp\/v2\/comments?post=46855"}],"wp:featuredmedia":[{"embeddable":true,"href":"https:\/\/escofetoliver.com\/es\/wp-json\/wp\/v2\/media\/46857"}],"wp:attachment":[{"href":"https:\/\/escofetoliver.com\/es\/wp-json\/wp\/v2\/media?parent=46855"}],"wp:term":[{"taxonomy":"product_brand","embeddable":true,"href":"https:\/\/escofetoliver.com\/es\/wp-json\/wp\/v2\/product_brand?post=46855"},{"taxonomy":"product_cat","embeddable":true,"href":"https:\/\/escofetoliver.com\/es\/wp-json\/wp\/v2\/product_cat?post=46855"},{"taxonomy":"product_tag","embeddable":true,"href":"https:\/\/escofetoliver.com\/es\/wp-json\/wp\/v2\/product_tag?post=46855"}],"curies":[{"name":"wp","href":"https:\/\/api.w.org\/{rel}","templated":true}]}}