{"id":46733,"date":"2022-12-29T11:54:22","date_gmt":"2022-12-29T10:54:22","guid":{"rendered":"https:\/\/escofetoliver.com\/?post_type=product&#038;p=46733"},"modified":"2026-04-28T09:14:09","modified_gmt":"2026-04-28T07:14:09","slug":"cereza-importacion","status":"publish","type":"product","link":"https:\/\/escofetoliver.com\/es\/tienda\/frutas-verduras\/fruta\/cereza-importacion\/","title":{"rendered":"Cerezas (de importaci\u00f3n) &#8211; 1Kg"},"content":{"rendered":"<p>Las<strong> cerezas<\/strong> son refrescantes y dulces. Su sabor \u00fanico y delicioso viene acompa\u00f1ado de multitud de vitaminas, como A, C y E adem\u00e1s de betacarotenos y antioxidantes.<\/p>\n","protected":false},"excerpt":{"rendered":"<p><!--more-->1 kg de cerezas a granel.<\/p>\n","protected":false},"featured_media":44391,"comment_status":"open","ping_status":"closed","template":"","meta":{"_acf_changed":false},"product_brand":[],"product_cat":[9096,9930],"product_tag":[9240,9247,9248,9250,9251,9252,7495,8120,8338],"class_list":{"0":"post-46733","1":"product","2":"type-product","3":"status-publish","4":"has-post-thumbnail","6":"product_cat-frutas-verduras","7":"product_cat-fruta","8":"product_tag-fruites-i-verdures-es","9":"product_tag-fruites","10":"product_tag-frutas-y-verduras","11":"product_tag-fresc","12":"product_tag-fruit","13":"product_tag-carniseria-escofet-oliver-es","14":"product_tag-escofet-oliver-es","15":"product_tag-frutas-es","16":"product_tag-natural-es","17":"product_shipping_class-entrega-en-domicilio","18":"pa_preciokg-2615-es","20":"first","21":"instock","22":"taxable","23":"shipping-taxable","24":"purchasable","25":"product-type-simple"},"acf":[],"_links":{"self":[{"href":"https:\/\/escofetoliver.com\/es\/wp-json\/wp\/v2\/product\/46733","targetHints":{"allow":["GET"]}}],"collection":[{"href":"https:\/\/escofetoliver.com\/es\/wp-json\/wp\/v2\/product"}],"about":[{"href":"https:\/\/escofetoliver.com\/es\/wp-json\/wp\/v2\/types\/product"}],"replies":[{"embeddable":true,"href":"https:\/\/escofetoliver.com\/es\/wp-json\/wp\/v2\/comments?post=46733"}],"wp:featuredmedia":[{"embeddable":true,"href":"https:\/\/escofetoliver.com\/es\/wp-json\/wp\/v2\/media\/44391"}],"wp:attachment":[{"href":"https:\/\/escofetoliver.com\/es\/wp-json\/wp\/v2\/media?parent=46733"}],"wp:term":[{"taxonomy":"product_brand","embeddable":true,"href":"https:\/\/escofetoliver.com\/es\/wp-json\/wp\/v2\/product_brand?post=46733"},{"taxonomy":"product_cat","embeddable":true,"href":"https:\/\/escofetoliver.com\/es\/wp-json\/wp\/v2\/product_cat?post=46733"},{"taxonomy":"product_tag","embeddable":true,"href":"https:\/\/escofetoliver.com\/es\/wp-json\/wp\/v2\/product_tag?post=46733"}],"curies":[{"name":"wp","href":"https:\/\/api.w.org\/{rel}","templated":true}]}}