{"id":46082,"date":"2022-11-22T11:57:12","date_gmt":"2022-11-22T10:57:12","guid":{"rendered":"https:\/\/escofetoliver.com\/botiga\/sin%20categor\u00eda\/paletilla-sanchez-romero-de-carvajal\/"},"modified":"2024-12-16T17:53:59","modified_gmt":"2024-12-16T16:53:59","slug":"paletilla-sanchez-romero-de-carvajal","status":"publish","type":"product","link":"https:\/\/escofetoliver.com\/es\/tienda\/embutidos\/pieza-entera\/paletilla-sanchez-romero-de-carvajal\/","title":{"rendered":"Paletilla Bellota Sanchez Romero de Carvajal &#8211; 5,5 Kg"},"content":{"rendered":"<p><span>Paleta de Bellota 100% Ib\u00e9rica S\u00e1nchez Romero Carvajal, curada por 24 meses, y a partir de cerdos ib\u00e9ricos de Jabugo. 100% ib\u00e9ricos alimentados con bellotas en r\u00e9gimen extensivo.<\/span><\/p>\n","protected":false},"excerpt":{"rendered":"<p>Paletilla ib\u00e9rica de bellota. Es una paletilla que puede pesar unos 5,5 kg aproximadamente.<\/p>\n","protected":false},"featured_media":52516,"comment_status":"open","ping_status":"closed","template":"","meta":{"_acf_changed":false},"product_brand":[],"product_cat":[8667],"product_tag":[],"class_list":{"0":"post-46082","1":"product","2":"type-product","3":"status-publish","4":"has-post-thumbnail","6":"product_cat-pieza-entera","7":"product_shipping_class-entrega-en-domicilio","9":"first","10":"instock","11":"taxable","12":"shipping-taxable","13":"purchasable","14":"product-type-simple"},"acf":[],"_links":{"self":[{"href":"https:\/\/escofetoliver.com\/es\/wp-json\/wp\/v2\/product\/46082","targetHints":{"allow":["GET"]}}],"collection":[{"href":"https:\/\/escofetoliver.com\/es\/wp-json\/wp\/v2\/product"}],"about":[{"href":"https:\/\/escofetoliver.com\/es\/wp-json\/wp\/v2\/types\/product"}],"replies":[{"embeddable":true,"href":"https:\/\/escofetoliver.com\/es\/wp-json\/wp\/v2\/comments?post=46082"}],"wp:featuredmedia":[{"embeddable":true,"href":"https:\/\/escofetoliver.com\/es\/wp-json\/wp\/v2\/media\/52516"}],"wp:attachment":[{"href":"https:\/\/escofetoliver.com\/es\/wp-json\/wp\/v2\/media?parent=46082"}],"wp:term":[{"taxonomy":"product_brand","embeddable":true,"href":"https:\/\/escofetoliver.com\/es\/wp-json\/wp\/v2\/product_brand?post=46082"},{"taxonomy":"product_cat","embeddable":true,"href":"https:\/\/escofetoliver.com\/es\/wp-json\/wp\/v2\/product_cat?post=46082"},{"taxonomy":"product_tag","embeddable":true,"href":"https:\/\/escofetoliver.com\/es\/wp-json\/wp\/v2\/product_tag?post=46082"}],"curies":[{"name":"wp","href":"https:\/\/api.w.org\/{rel}","templated":true}]}}