{"id":45937,"date":"2022-11-08T10:02:03","date_gmt":"2022-11-08T09:02:04","guid":{"rendered":"https:\/\/escofetoliver.com\/?post_type=product&#038;p=45937"},"modified":"2023-05-23T10:18:37","modified_gmt":"2023-05-23T08:18:37","slug":"sant-aniol-pequena","status":"publish","type":"product","link":"https:\/\/escofetoliver.com\/es\/tienda\/despensa\/sant-aniol-pequena\/","title":{"rendered":"Agua de Sant Aniol &#8211; Botella &#8211; 50 CL"},"content":{"rendered":"<p>Agua de origen volc\u00e1nico de la Garrotxa, \u00fanica en la pen\u00ednsula. De importante pureza y buena composici\u00f3n mineral, es ideal para purificar el cuerpo, cuidar el aparato urinario y reducir el colesterol.<\/p>\n<p><strong>Ingredientes<\/strong>: <span>Composici\u00f3n qu\u00edmica (mg\/L): residuo seco (180\u00b0C): 323; TDS: 318; HCO3: 349; Ca: 91.3; Mg: 17.5; SO4: 15.2; SiO2: 12.8; Na: 6.4; Cl: 5.4; K: 1.7 \/ pH: 7.4. Lab. Dr. Oliver Rod\u00e9s, 2018.<\/span><\/p>\n<p>SIN <strong>ALERGENOS<\/strong>.<\/p>\n","protected":false},"excerpt":{"rendered":"<p>Una botella de agua de 50 cl.<\/p>\n","protected":false},"featured_media":45942,"comment_status":"open","ping_status":"closed","template":"","meta":{"_acf_changed":false},"product_brand":[],"product_cat":[5866,11021],"product_tag":[8933,7495,8102,8929,8930],"class_list":{"0":"post-45937","1":"product","2":"type-product","3":"status-publish","4":"has-post-thumbnail","6":"product_cat-despensa","7":"product_cat-bebidas-es","8":"product_tag-pirineo-es-2","9":"product_tag-escofet-oliver-es","10":"product_tag-sano-es","11":"product_tag-pirineo-es","12":"product_tag-sano-es-2","14":"first","15":"instock","16":"taxable","17":"shipping-taxable","18":"purchasable","19":"product-type-simple"},"acf":[],"_links":{"self":[{"href":"https:\/\/escofetoliver.com\/es\/wp-json\/wp\/v2\/product\/45937","targetHints":{"allow":["GET"]}}],"collection":[{"href":"https:\/\/escofetoliver.com\/es\/wp-json\/wp\/v2\/product"}],"about":[{"href":"https:\/\/escofetoliver.com\/es\/wp-json\/wp\/v2\/types\/product"}],"replies":[{"embeddable":true,"href":"https:\/\/escofetoliver.com\/es\/wp-json\/wp\/v2\/comments?post=45937"}],"wp:featuredmedia":[{"embeddable":true,"href":"https:\/\/escofetoliver.com\/es\/wp-json\/wp\/v2\/media\/45942"}],"wp:attachment":[{"href":"https:\/\/escofetoliver.com\/es\/wp-json\/wp\/v2\/media?parent=45937"}],"wp:term":[{"taxonomy":"product_brand","embeddable":true,"href":"https:\/\/escofetoliver.com\/es\/wp-json\/wp\/v2\/product_brand?post=45937"},{"taxonomy":"product_cat","embeddable":true,"href":"https:\/\/escofetoliver.com\/es\/wp-json\/wp\/v2\/product_cat?post=45937"},{"taxonomy":"product_tag","embeddable":true,"href":"https:\/\/escofetoliver.com\/es\/wp-json\/wp\/v2\/product_tag?post=45937"}],"curies":[{"name":"wp","href":"https:\/\/api.w.org\/{rel}","templated":true}]}}