{"id":45682,"date":"2022-10-03T12:46:01","date_gmt":"2022-10-03T10:46:01","guid":{"rendered":"https:\/\/escofetoliver.com\/?post_type=product&#038;p=45682"},"modified":"2025-02-10T10:11:42","modified_gmt":"2025-02-10T09:11:42","slug":"atun-claro-serrats-190-es","status":"publish","type":"product","link":"https:\/\/escofetoliver.com\/es\/tienda\/despensa\/conservas-aperitivos\/atun-claro-serrats-190-es\/","title":{"rendered":"At\u00fan claro en aceite de oliva Serrats &#8211; Envase &#8211; 190 g"},"content":{"rendered":"<p>Una vez seleccionados los mejores ejemplares y pasado el proceso de cocci\u00f3n, el pescado se prepara y envasa utilizando t\u00e9cnicas artesanales. La destreza y experiencia adquirida a lo largo de cinco generaciones es parte de nuestro secreto para conseguir el aspecto y sabor excepcionales, de la que hacen gala nuestras conservas.<\/p>\n<p>Para la elaboraci\u00f3n de este envase de at\u00fan,\u00a0 en la casa Serrat aprovechan el lomo del at\u00fan claro al que a\u00f1ade un aceite de oliva especialmente seleccionado para el preparado, d\u00e1ndole al at\u00fan un aroma y sabor exclusivo.<\/p>\n<p><strong>Sin al\u00e9rgenos.<\/strong><\/p>\n","protected":false},"excerpt":{"rendered":"<p>Envase de at\u00fan cubierto de aceite de oliva. El peso neto es de 190 g y el peso escurrido es de 125 g.<\/p>\n<p>&nbsp;<\/p>\n","protected":false},"featured_media":53135,"comment_status":"open","ping_status":"closed","template":"","meta":{"_acf_changed":false},"product_brand":[],"product_cat":[5866,5902],"product_tag":[11205],"class_list":{"0":"post-45682","1":"product","2":"type-product","3":"status-publish","4":"has-post-thumbnail","6":"product_cat-despensa","7":"product_cat-conservas-aperitivos","8":"product_tag-comete-el-verano","9":"product_shipping_class-entrega-en-domicilio","10":"pa_promotional-no-es-2","12":"first","13":"instock","14":"taxable","15":"shipping-taxable","16":"purchasable","17":"product-type-simple"},"acf":[],"_links":{"self":[{"href":"https:\/\/escofetoliver.com\/es\/wp-json\/wp\/v2\/product\/45682","targetHints":{"allow":["GET"]}}],"collection":[{"href":"https:\/\/escofetoliver.com\/es\/wp-json\/wp\/v2\/product"}],"about":[{"href":"https:\/\/escofetoliver.com\/es\/wp-json\/wp\/v2\/types\/product"}],"replies":[{"embeddable":true,"href":"https:\/\/escofetoliver.com\/es\/wp-json\/wp\/v2\/comments?post=45682"}],"wp:featuredmedia":[{"embeddable":true,"href":"https:\/\/escofetoliver.com\/es\/wp-json\/wp\/v2\/media\/53135"}],"wp:attachment":[{"href":"https:\/\/escofetoliver.com\/es\/wp-json\/wp\/v2\/media?parent=45682"}],"wp:term":[{"taxonomy":"product_brand","embeddable":true,"href":"https:\/\/escofetoliver.com\/es\/wp-json\/wp\/v2\/product_brand?post=45682"},{"taxonomy":"product_cat","embeddable":true,"href":"https:\/\/escofetoliver.com\/es\/wp-json\/wp\/v2\/product_cat?post=45682"},{"taxonomy":"product_tag","embeddable":true,"href":"https:\/\/escofetoliver.com\/es\/wp-json\/wp\/v2\/product_tag?post=45682"}],"curies":[{"name":"wp","href":"https:\/\/api.w.org\/{rel}","templated":true}]}}