{"id":45161,"date":"2022-07-21T12:21:07","date_gmt":"2022-07-21T10:21:07","guid":{"rendered":"https:\/\/escofetoliver.com\/?post_type=product&#038;p=45161"},"modified":"2023-09-06T16:41:25","modified_gmt":"2023-09-06T14:41:25","slug":"esparragos-extra-la-catedral-7-9-unidades-975-g","status":"publish","type":"product","link":"https:\/\/escofetoliver.com\/es\/tienda\/frutas-verduras\/verdura-es\/esparragos-extra-la-catedral-7-9-unidades-975-g\/","title":{"rendered":"Esp\u00e1rragos Extra La Catedral &#8211; 7-9 unidades &#8211; 975 g"},"content":{"rendered":"<p>En conservas la Catedral de Navarra son expertos en las conservas vegetales gourmet, realizadas con los mejores ingredientes de la huerta de navarra y con m\u00e1s de 70 a\u00f1os de experiencia en el sector. Trabajan sus tierras con mucho cari\u00f1o y delicadeza con el objetivo de obtener los ingredientes con el m\u00e1ximo sabor, capaz de satisfacer a los paladares m\u00e1s exquisitos.<\/p>\n","protected":false},"excerpt":{"rendered":"<p>Entre 7 y 9 unidades de esp\u00e1rragos Extra La Catedral de 975 g en total<\/p>\n","protected":false},"featured_media":45162,"comment_status":"open","ping_status":"closed","template":"","meta":{"_acf_changed":false},"product_brand":[],"product_cat":[9096,9928],"product_tag":[9247,9248,9250,9251,7495,9252,8120,8338,9979,8573,9012,9240],"class_list":{"0":"post-45161","1":"product","2":"type-product","3":"status-publish","4":"has-post-thumbnail","6":"product_cat-frutas-verduras","7":"product_cat-verdura-es","8":"product_tag-fruites","9":"product_tag-frutas-y-verduras","10":"product_tag-fresc","11":"product_tag-fruit","12":"product_tag-escofet-oliver-es","13":"product_tag-carniseria-escofet-oliver-es","14":"product_tag-frutas-es","15":"product_tag-natural-es","16":"product_tag-la-catedral","17":"product_tag-verduras","18":"product_tag-verdures-es","19":"product_tag-fruites-i-verdures-es","21":"first","22":"instock","23":"taxable","24":"shipping-taxable","25":"purchasable","26":"product-type-simple"},"acf":[],"_links":{"self":[{"href":"https:\/\/escofetoliver.com\/es\/wp-json\/wp\/v2\/product\/45161","targetHints":{"allow":["GET"]}}],"collection":[{"href":"https:\/\/escofetoliver.com\/es\/wp-json\/wp\/v2\/product"}],"about":[{"href":"https:\/\/escofetoliver.com\/es\/wp-json\/wp\/v2\/types\/product"}],"replies":[{"embeddable":true,"href":"https:\/\/escofetoliver.com\/es\/wp-json\/wp\/v2\/comments?post=45161"}],"wp:featuredmedia":[{"embeddable":true,"href":"https:\/\/escofetoliver.com\/es\/wp-json\/wp\/v2\/media\/45162"}],"wp:attachment":[{"href":"https:\/\/escofetoliver.com\/es\/wp-json\/wp\/v2\/media?parent=45161"}],"wp:term":[{"taxonomy":"product_brand","embeddable":true,"href":"https:\/\/escofetoliver.com\/es\/wp-json\/wp\/v2\/product_brand?post=45161"},{"taxonomy":"product_cat","embeddable":true,"href":"https:\/\/escofetoliver.com\/es\/wp-json\/wp\/v2\/product_cat?post=45161"},{"taxonomy":"product_tag","embeddable":true,"href":"https:\/\/escofetoliver.com\/es\/wp-json\/wp\/v2\/product_tag?post=45161"}],"curies":[{"name":"wp","href":"https:\/\/api.w.org\/{rel}","templated":true}]}}