{"id":45152,"date":"2022-07-21T11:59:44","date_gmt":"2022-07-21T09:59:44","guid":{"rendered":"https:\/\/escofetoliver.com\/?post_type=product&#038;p=45152"},"modified":"2023-09-06T16:42:50","modified_gmt":"2023-09-06T14:42:50","slug":"yemas-de-esparragos-blancos-la-catedral-1-unidad-240-g","status":"publish","type":"product","link":"https:\/\/escofetoliver.com\/es\/tienda\/frutas-verduras\/verdura-es\/yemas-de-esparragos-blancos-la-catedral-1-unidad-240-g\/","title":{"rendered":"Yemas de esp\u00e1rragos blancos La Catedral &#8211; 1 unidad &#8211; 240 g"},"content":{"rendered":"<p>En Conservas la Catedral de Navarra son expertos en las conservas vegetales gourmet, las cuales est\u00e1n realizadas con los mejores ingredientes de la huerta navarra y con m\u00e1s de 70 a\u00f1os de experiencia en el sector. Trabajan sus tierras del valle navarro del Ebro con delicadeza y cari\u00f1o con el objetivo de obtener los ingredientes con el m\u00e1ximo sabor que ser\u00e1 capaz de satisfacer a los paladares m\u00e1s exquisitos.<\/p>\n","protected":false},"excerpt":{"rendered":"<p>240 g de yemas de esp\u00e1rragos blancos La Catedral<\/p>\n","protected":false},"featured_media":45153,"comment_status":"open","ping_status":"closed","template":"","meta":{"_acf_changed":false},"product_brand":[],"product_cat":[9096,9928],"product_tag":[9250,9251,7495,9252,8120,8338,9979,8573,9996,9012,9997,9999,9240,9247,9248],"class_list":{"0":"post-45152","1":"product","2":"type-product","3":"status-publish","4":"has-post-thumbnail","6":"product_cat-frutas-verduras","7":"product_cat-verdura-es","8":"product_tag-fresc","9":"product_tag-fruit","10":"product_tag-escofet-oliver-es","11":"product_tag-carniseria-escofet-oliver-es","12":"product_tag-frutas-es","13":"product_tag-natural-es","14":"product_tag-la-catedral","15":"product_tag-verduras","16":"product_tag-yemas","17":"product_tag-verdures-es","18":"product_tag-yemas-de-esparragos-blancos","19":"product_tag-yemas-de-esparragos-blancos-la-catedral","20":"product_tag-fruites-i-verdures-es","21":"product_tag-fruites","22":"product_tag-frutas-y-verduras","24":"first","25":"instock","26":"taxable","27":"shipping-taxable","28":"purchasable","29":"product-type-simple"},"acf":[],"_links":{"self":[{"href":"https:\/\/escofetoliver.com\/es\/wp-json\/wp\/v2\/product\/45152","targetHints":{"allow":["GET"]}}],"collection":[{"href":"https:\/\/escofetoliver.com\/es\/wp-json\/wp\/v2\/product"}],"about":[{"href":"https:\/\/escofetoliver.com\/es\/wp-json\/wp\/v2\/types\/product"}],"replies":[{"embeddable":true,"href":"https:\/\/escofetoliver.com\/es\/wp-json\/wp\/v2\/comments?post=45152"}],"wp:featuredmedia":[{"embeddable":true,"href":"https:\/\/escofetoliver.com\/es\/wp-json\/wp\/v2\/media\/45153"}],"wp:attachment":[{"href":"https:\/\/escofetoliver.com\/es\/wp-json\/wp\/v2\/media?parent=45152"}],"wp:term":[{"taxonomy":"product_brand","embeddable":true,"href":"https:\/\/escofetoliver.com\/es\/wp-json\/wp\/v2\/product_brand?post=45152"},{"taxonomy":"product_cat","embeddable":true,"href":"https:\/\/escofetoliver.com\/es\/wp-json\/wp\/v2\/product_cat?post=45152"},{"taxonomy":"product_tag","embeddable":true,"href":"https:\/\/escofetoliver.com\/es\/wp-json\/wp\/v2\/product_tag?post=45152"}],"curies":[{"name":"wp","href":"https:\/\/api.w.org\/{rel}","templated":true}]}}