{"id":45146,"date":"2022-07-21T11:50:03","date_gmt":"2022-07-21T09:50:03","guid":{"rendered":"https:\/\/escofetoliver.com\/?post_type=product&#038;p=45146"},"modified":"2024-01-30T11:28:45","modified_gmt":"2024-01-30T10:28:45","slug":"pimientos-del-piquillo-la-catedral-1-unidad","status":"publish","type":"product","link":"https:\/\/escofetoliver.com\/es\/tienda\/frutas-verduras\/verdura-es\/pimientos-del-piquillo-la-catedral-1-unidad\/","title":{"rendered":"Pimientos del piquillo La Catedral &#8211; 1 unidad"},"content":{"rendered":"<p>En Conservas la Catedral de Navarra son expertos en las conservas vegetales gourmet, las cuales est\u00e1n realizadas con los mejores ingredientes de la huerta de navarra y con m\u00e1s de 70 a\u00f1os de experiencia en el sector. Trabajan sus tierras del valle navarro del Ebro con mucha delicadeza y cari\u00f1o con el objetivo de obtener los ingredientes con el m\u00e1ximo sabor que ser\u00e1n capaces de satisfacera los paladares m\u00e1s exquisitos.<\/p>\n","protected":false},"excerpt":{"rendered":"<p>1 bote de pimientos del piquillo La Catedral<\/p>\n","protected":false},"featured_media":45147,"comment_status":"open","ping_status":"closed","template":"","meta":{"_acf_changed":false},"product_brand":[],"product_cat":[9096,9928],"product_tag":[8573,9991,9012,9992,9240,9247,9248,9250,9251,7495,9252,8120,9549,8338],"class_list":{"0":"post-45146","1":"product","2":"type-product","3":"status-publish","4":"has-post-thumbnail","6":"product_cat-frutas-verduras","7":"product_cat-verdura-es","8":"product_tag-verduras","9":"product_tag-pimientos-del-piquillo","10":"product_tag-verdures-es","11":"product_tag-pimientos-del-piquillo-la-catedral","12":"product_tag-fruites-i-verdures-es","13":"product_tag-fruites","14":"product_tag-frutas-y-verduras","15":"product_tag-fresc","16":"product_tag-fruit","17":"product_tag-escofet-oliver-es","18":"product_tag-carniseria-escofet-oliver-es","19":"product_tag-frutas-es","20":"product_tag-pimientos","21":"product_tag-natural-es","23":"first","24":"instock","25":"taxable","26":"shipping-taxable","27":"purchasable","28":"product-type-simple"},"acf":[],"_links":{"self":[{"href":"https:\/\/escofetoliver.com\/es\/wp-json\/wp\/v2\/product\/45146","targetHints":{"allow":["GET"]}}],"collection":[{"href":"https:\/\/escofetoliver.com\/es\/wp-json\/wp\/v2\/product"}],"about":[{"href":"https:\/\/escofetoliver.com\/es\/wp-json\/wp\/v2\/types\/product"}],"replies":[{"embeddable":true,"href":"https:\/\/escofetoliver.com\/es\/wp-json\/wp\/v2\/comments?post=45146"}],"wp:featuredmedia":[{"embeddable":true,"href":"https:\/\/escofetoliver.com\/es\/wp-json\/wp\/v2\/media\/45147"}],"wp:attachment":[{"href":"https:\/\/escofetoliver.com\/es\/wp-json\/wp\/v2\/media?parent=45146"}],"wp:term":[{"taxonomy":"product_brand","embeddable":true,"href":"https:\/\/escofetoliver.com\/es\/wp-json\/wp\/v2\/product_brand?post=45146"},{"taxonomy":"product_cat","embeddable":true,"href":"https:\/\/escofetoliver.com\/es\/wp-json\/wp\/v2\/product_cat?post=45146"},{"taxonomy":"product_tag","embeddable":true,"href":"https:\/\/escofetoliver.com\/es\/wp-json\/wp\/v2\/product_tag?post=45146"}],"curies":[{"name":"wp","href":"https:\/\/api.w.org\/{rel}","templated":true}]}}