{"id":45138,"date":"2022-07-21T11:35:41","date_gmt":"2022-07-21T09:35:41","guid":{"rendered":"https:\/\/escofetoliver.com\/?post_type=product&#038;p=45138"},"modified":"2023-09-06T16:38:47","modified_gmt":"2023-09-06T14:38:47","slug":"tomates-secos-de-encantaran-1-unidad","status":"publish","type":"product","link":"https:\/\/escofetoliver.com\/es\/tienda\/frutas-verduras\/verdura-es\/tomates-secos-de-encantaran-1-unidad\/","title":{"rendered":"Tomates secos de Encantaran &#8211; 1 unidad"},"content":{"rendered":"<p>La marca Encantaran naci\u00f3 en la Vall d&#8217;Aran. Esta marca la forman artesanos que elaboran sus productos con todo el cari\u00f1o para que la calidad de estos sea extraordinaria. Son expertos en tomate seco, deshidratado al sol y envasado en aceite de oliva fusionado con hierbas arom\u00e1ticas que se encuentran en la monta\u00f1a. Estos tomates secos hacen que te teletransportes a las monta\u00f1as de los Pirineos.<\/p>\n","protected":false},"excerpt":{"rendered":"<p>1 bote de tomates secos de Encantaran<\/p>\n","protected":false},"featured_media":45140,"comment_status":"open","ping_status":"closed","template":"","meta":{"_acf_changed":false},"product_brand":[],"product_cat":[9928,9096],"product_tag":[8338,8573,9985,9012,9987,9240,9247,9248,9250,9251,7495,9252,8120,9448],"class_list":{"0":"post-45138","1":"product","2":"type-product","3":"status-publish","4":"has-post-thumbnail","6":"product_cat-verdura-es","7":"product_cat-frutas-verduras","8":"product_tag-natural-es","9":"product_tag-verduras","10":"product_tag-tomates-secos-de-encantaran","11":"product_tag-verdures-es","12":"product_tag-tomates-secos","13":"product_tag-fruites-i-verdures-es","14":"product_tag-fruites","15":"product_tag-frutas-y-verduras","16":"product_tag-fresc","17":"product_tag-fruit","18":"product_tag-escofet-oliver-es","19":"product_tag-carniseria-escofet-oliver-es","20":"product_tag-frutas-es","21":"product_tag-tomates","23":"first","24":"instock","25":"taxable","26":"shipping-taxable","27":"purchasable","28":"product-type-simple"},"acf":[],"_links":{"self":[{"href":"https:\/\/escofetoliver.com\/es\/wp-json\/wp\/v2\/product\/45138","targetHints":{"allow":["GET"]}}],"collection":[{"href":"https:\/\/escofetoliver.com\/es\/wp-json\/wp\/v2\/product"}],"about":[{"href":"https:\/\/escofetoliver.com\/es\/wp-json\/wp\/v2\/types\/product"}],"replies":[{"embeddable":true,"href":"https:\/\/escofetoliver.com\/es\/wp-json\/wp\/v2\/comments?post=45138"}],"wp:featuredmedia":[{"embeddable":true,"href":"https:\/\/escofetoliver.com\/es\/wp-json\/wp\/v2\/media\/45140"}],"wp:attachment":[{"href":"https:\/\/escofetoliver.com\/es\/wp-json\/wp\/v2\/media?parent=45138"}],"wp:term":[{"taxonomy":"product_brand","embeddable":true,"href":"https:\/\/escofetoliver.com\/es\/wp-json\/wp\/v2\/product_brand?post=45138"},{"taxonomy":"product_cat","embeddable":true,"href":"https:\/\/escofetoliver.com\/es\/wp-json\/wp\/v2\/product_cat?post=45138"},{"taxonomy":"product_tag","embeddable":true,"href":"https:\/\/escofetoliver.com\/es\/wp-json\/wp\/v2\/product_tag?post=45138"}],"curies":[{"name":"wp","href":"https:\/\/api.w.org\/{rel}","templated":true}]}}