{"id":45127,"date":"2022-07-21T11:16:50","date_gmt":"2022-07-21T09:16:50","guid":{"rendered":"https:\/\/escofetoliver.com\/?post_type=product&#038;p=45127"},"modified":"2024-01-30T11:32:00","modified_gmt":"2024-01-30T10:32:00","slug":"crema-puerro-catedral","status":"publish","type":"product","link":"https:\/\/escofetoliver.com\/es\/tienda\/frutas-verduras\/verdura-es\/crema-puerro-catedral\/","title":{"rendered":"Crema de puerro La Catedral &#8211; 1 unidad"},"content":{"rendered":"<p>En <em>Conservas la Catedral de Navarra<\/em> son expertos en las conservas vegetales <em>gourmet<\/em>, las cuales est\u00e1n realizadas con los mejores ingredientes de la huerta de navarra y con m\u00e1s de 70 a\u00f1os de experiencia en este sector.<\/p>\n<p>Trabajan sus tierras del valle navarro del Ebro con mucha delicadeza y cari\u00f1o para obtener los ingredientes con el m\u00e1ximo sabor que ser\u00e1n capaces de satisfacer a los paladares m\u00e1s exquisitos.<\/p>\n","protected":false},"excerpt":{"rendered":"<p>Bote de crema de puerro La Catedral<\/p>\n","protected":false},"featured_media":45128,"comment_status":"open","ping_status":"closed","template":"","meta":{"_acf_changed":false},"product_brand":[],"product_cat":[9096,9928],"product_tag":[9979],"class_list":{"0":"post-45127","1":"product","2":"type-product","3":"status-publish","4":"has-post-thumbnail","6":"product_cat-frutas-verduras","7":"product_cat-verdura-es","8":"product_tag-la-catedral","10":"first","11":"instock","12":"taxable","13":"shipping-taxable","14":"purchasable","15":"product-type-simple"},"acf":[],"_links":{"self":[{"href":"https:\/\/escofetoliver.com\/es\/wp-json\/wp\/v2\/product\/45127","targetHints":{"allow":["GET"]}}],"collection":[{"href":"https:\/\/escofetoliver.com\/es\/wp-json\/wp\/v2\/product"}],"about":[{"href":"https:\/\/escofetoliver.com\/es\/wp-json\/wp\/v2\/types\/product"}],"replies":[{"embeddable":true,"href":"https:\/\/escofetoliver.com\/es\/wp-json\/wp\/v2\/comments?post=45127"}],"wp:featuredmedia":[{"embeddable":true,"href":"https:\/\/escofetoliver.com\/es\/wp-json\/wp\/v2\/media\/45128"}],"wp:attachment":[{"href":"https:\/\/escofetoliver.com\/es\/wp-json\/wp\/v2\/media?parent=45127"}],"wp:term":[{"taxonomy":"product_brand","embeddable":true,"href":"https:\/\/escofetoliver.com\/es\/wp-json\/wp\/v2\/product_brand?post=45127"},{"taxonomy":"product_cat","embeddable":true,"href":"https:\/\/escofetoliver.com\/es\/wp-json\/wp\/v2\/product_cat?post=45127"},{"taxonomy":"product_tag","embeddable":true,"href":"https:\/\/escofetoliver.com\/es\/wp-json\/wp\/v2\/product_tag?post=45127"}],"curies":[{"name":"wp","href":"https:\/\/api.w.org\/{rel}","templated":true}]}}