{"id":44972,"date":"2022-07-15T12:03:33","date_gmt":"2022-07-15T10:03:33","guid":{"rendered":"https:\/\/escofetoliver.com\/?post_type=product&#038;p=44972"},"modified":"2026-04-24T13:11:59","modified_gmt":"2026-04-24T11:11:59","slug":"limon-premium","status":"publish","type":"product","link":"https:\/\/escofetoliver.com\/es\/tienda\/frutas-verduras\/fruta\/limon-premium\/","title":{"rendered":"Lim\u00f3n &#8216;premium&#8217; &#8211; 6 unidades &#8211; 1 kg"},"content":{"rendered":"<p><span>El<strong> lim\u00f3n<\/strong> es una fruta \u00fanica, y parte de nuestra alimentaci\u00f3n habitual.<\/span><\/p>\n<p><span>El lim\u00f3n de clase\u00a0<\/span><strong><span class=\"hiddenSpellError\" onkeypress=\"MORFOLOGIK_RULE_ES---#---undefined---#---Se ha encontrado un posible error ortogr\u00e1fico.---#---PR\u00c9MIUM---#---PREMIUM\">PREMIUM<\/span><\/strong><span>\u00a0contiene muchas sustancias, en especial el \u00e1cido c\u00edtrico y la necesaria vitamina C, adem\u00e1s de minerales como el calcio<\/span><span>\u00a0y el magnesio, y sustancias como los\u00a0<\/span><span class=\"hiddenSpellError\" onkeypress=\"MORFOLOGIK_RULE_ES---#---undefined---#---Se ha encontrado un posible error ortogr\u00e1fico.---#---vio#b\u00edo#r\u00edo#dio#v\u00eda#vino#vivo#yo#t\u00edo#vid#bit#bis#m\u00edo#oy\u00f3#veo#BID#l\u00edo#vil#vis#ayo#p\u00edo#vir\u00f3#bayo#br\u00edo#viso#bao#av\u00edo#biso#vito#boyo#f\u00edo#vis\u00f3#bino#biot#ubio#viro#P\u00edo#avi\u00f3#bi#bin\u00f3#biro#bis\u00f3#boy\u00f3#buyo#b\u00edos#fio#lio#pio#rio#vi#vion#vip#\u00cdo#bi o#BIOS---#---bio\">bio<\/span><span>-flavonoides, la pectina y el limoneno. Todos estos elementos nos ayudan a ganar inmunidad y a combatir las infecciones.<\/span><\/p>\n","protected":false},"excerpt":{"rendered":"<p>1 kg de limones a granel.<\/p>\n","protected":false},"featured_media":44973,"comment_status":"open","ping_status":"closed","template":"","meta":{"_acf_changed":false},"product_brand":[],"product_cat":[9096,9930],"product_tag":[9248,9250,9251,9252,7495,8120,8338,9240,9247],"class_list":{"0":"post-44972","1":"product","2":"type-product","3":"status-publish","4":"has-post-thumbnail","6":"product_cat-frutas-verduras","7":"product_cat-fruta","8":"product_tag-frutas-y-verduras","9":"product_tag-fresc","10":"product_tag-fruit","11":"product_tag-carniseria-escofet-oliver-es","12":"product_tag-escofet-oliver-es","13":"product_tag-frutas-es","14":"product_tag-natural-es","15":"product_tag-fruites-i-verdures-es","16":"product_tag-fruites","17":"product_shipping_class-entrega-en-domicilio","18":"pa_preciokg-10827","20":"first","21":"instock","22":"taxable","23":"shipping-taxable","24":"purchasable","25":"product-type-simple"},"acf":[],"_links":{"self":[{"href":"https:\/\/escofetoliver.com\/es\/wp-json\/wp\/v2\/product\/44972","targetHints":{"allow":["GET"]}}],"collection":[{"href":"https:\/\/escofetoliver.com\/es\/wp-json\/wp\/v2\/product"}],"about":[{"href":"https:\/\/escofetoliver.com\/es\/wp-json\/wp\/v2\/types\/product"}],"replies":[{"embeddable":true,"href":"https:\/\/escofetoliver.com\/es\/wp-json\/wp\/v2\/comments?post=44972"}],"wp:featuredmedia":[{"embeddable":true,"href":"https:\/\/escofetoliver.com\/es\/wp-json\/wp\/v2\/media\/44973"}],"wp:attachment":[{"href":"https:\/\/escofetoliver.com\/es\/wp-json\/wp\/v2\/media?parent=44972"}],"wp:term":[{"taxonomy":"product_brand","embeddable":true,"href":"https:\/\/escofetoliver.com\/es\/wp-json\/wp\/v2\/product_brand?post=44972"},{"taxonomy":"product_cat","embeddable":true,"href":"https:\/\/escofetoliver.com\/es\/wp-json\/wp\/v2\/product_cat?post=44972"},{"taxonomy":"product_tag","embeddable":true,"href":"https:\/\/escofetoliver.com\/es\/wp-json\/wp\/v2\/product_tag?post=44972"}],"curies":[{"name":"wp","href":"https:\/\/api.w.org\/{rel}","templated":true}]}}