{"id":44885,"date":"2022-07-14T11:48:16","date_gmt":"2022-07-14T09:48:16","guid":{"rendered":"https:\/\/escofetoliver.com\/?post_type=product&#038;p=44885"},"modified":"2025-07-09T15:51:43","modified_gmt":"2025-07-09T13:51:43","slug":"pack-ensaladilla-rusa-1-unidad","status":"publish","type":"product","link":"https:\/\/escofetoliver.com\/es\/tienda\/frutas-verduras\/verdura-es\/pack-ensaladilla-rusa-1-unidad\/","title":{"rendered":"Pack Ensaladilla rusa &#8211; 1 unidad"},"content":{"rendered":"<p>Ahora las <strong>ensaladillas rusas<\/strong> hechas\u00a0 como en casa, r\u00e1pidas y sabrosas son posibles: con patata, zanahoria y jud\u00edas peladas y cortadas, es tan sencillo como hervir la verdura, a\u00f1adir el huevo, at\u00fan o mayonesa si se desea y&#8230; \u00a1A disfrutar!<\/p>\n","protected":false},"excerpt":{"rendered":"<p>1 Pack de Ensaladilla rusa<\/p>\n","protected":false},"featured_media":44886,"comment_status":"open","ping_status":"closed","template":"","meta":{"_acf_changed":false},"product_brand":[],"product_cat":[9096,9928],"product_tag":[9247,9248,9250,7495,9251,8120,9252,8338,9850,9851,8854,9852,9017,11205,9240],"class_list":{"0":"post-44885","1":"product","2":"type-product","3":"status-publish","4":"has-post-thumbnail","6":"product_cat-frutas-verduras","7":"product_cat-verdura-es","8":"product_tag-fruites","9":"product_tag-frutas-y-verduras","10":"product_tag-fresc","11":"product_tag-escofet-oliver-es","12":"product_tag-fruit","13":"product_tag-frutas-es","14":"product_tag-carniseria-escofet-oliver-es","15":"product_tag-natural-es","16":"product_tag-pack-ensaladilla-rusa","17":"product_tag-rusa","18":"product_tag-pack-es","19":"product_tag-ensaladilla-rusa","20":"product_tag-ensaladilla-es","21":"product_tag-comete-el-verano","22":"product_tag-fruites-i-verdures-es","23":"product_shipping_class-entrega-en-domicilio","25":"first","26":"instock","27":"taxable","28":"shipping-taxable","29":"purchasable","30":"product-type-simple"},"acf":[],"_links":{"self":[{"href":"https:\/\/escofetoliver.com\/es\/wp-json\/wp\/v2\/product\/44885","targetHints":{"allow":["GET"]}}],"collection":[{"href":"https:\/\/escofetoliver.com\/es\/wp-json\/wp\/v2\/product"}],"about":[{"href":"https:\/\/escofetoliver.com\/es\/wp-json\/wp\/v2\/types\/product"}],"replies":[{"embeddable":true,"href":"https:\/\/escofetoliver.com\/es\/wp-json\/wp\/v2\/comments?post=44885"}],"wp:featuredmedia":[{"embeddable":true,"href":"https:\/\/escofetoliver.com\/es\/wp-json\/wp\/v2\/media\/44886"}],"wp:attachment":[{"href":"https:\/\/escofetoliver.com\/es\/wp-json\/wp\/v2\/media?parent=44885"}],"wp:term":[{"taxonomy":"product_brand","embeddable":true,"href":"https:\/\/escofetoliver.com\/es\/wp-json\/wp\/v2\/product_brand?post=44885"},{"taxonomy":"product_cat","embeddable":true,"href":"https:\/\/escofetoliver.com\/es\/wp-json\/wp\/v2\/product_cat?post=44885"},{"taxonomy":"product_tag","embeddable":true,"href":"https:\/\/escofetoliver.com\/es\/wp-json\/wp\/v2\/product_tag?post=44885"}],"curies":[{"name":"wp","href":"https:\/\/api.w.org\/{rel}","templated":true}]}}