{"id":44880,"date":"2022-07-14T11:33:24","date_gmt":"2022-07-14T09:33:24","guid":{"rendered":"https:\/\/escofetoliver.com\/?post_type=product&#038;p=44880"},"modified":"2026-01-15T09:59:59","modified_gmt":"2026-01-15T08:59:59","slug":"calcots-de-valls-1-manojo-25-unidades","status":"publish","type":"product","link":"https:\/\/escofetoliver.com\/es\/tienda\/frutas-verduras\/verdura-es\/calcots-de-valls-1-manojo-25-unidades\/","title":{"rendered":"Cal\u00e7ots\u00a0de Valls &#8211; 1 manojo &#8211; 25 unidades"},"content":{"rendered":"<p><strong>Cal\u00e7ots t\u00edpicos de Valls<\/strong>, donde se hace la Cal\u00e7otada m\u00e1s importante de Catalunya (en enero), y donde se origin\u00f3 todo. Destacan por su dulzura, \u00fanica en este tipo de cal\u00e7ot.<\/p>\n<p>Al tratarse de una cebolla, no deja de compartir sus mismas propiedades nutritivas, muy hidratantes y ricas en hierros.<\/p>\n","protected":false},"excerpt":{"rendered":"<p>Manojo de 25 cal\u00e7ots de Valls<\/p>\n","protected":false},"featured_media":44881,"comment_status":"open","ping_status":"closed","template":"","meta":{"_acf_changed":false},"product_brand":[],"product_cat":[9928,9096],"product_tag":[9248,9250,9251,9252,7495,9845,8120,8338,9240,9247],"class_list":{"0":"post-44880","1":"product","2":"type-product","3":"status-publish","4":"has-post-thumbnail","6":"product_cat-verdura-es","7":"product_cat-frutas-verduras","8":"product_tag-frutas-y-verduras","9":"product_tag-fresc","10":"product_tag-fruit","11":"product_tag-carniseria-escofet-oliver-es","12":"product_tag-escofet-oliver-es","13":"product_tag-manojo-de-calcots","14":"product_tag-frutas-es","15":"product_tag-natural-es","16":"product_tag-fruites-i-verdures-es","17":"product_tag-fruites","18":"product_shipping_class-entrega-en-domicilio","20":"first","21":"instock","22":"taxable","23":"shipping-taxable","24":"purchasable","25":"product-type-simple"},"acf":[],"_links":{"self":[{"href":"https:\/\/escofetoliver.com\/es\/wp-json\/wp\/v2\/product\/44880","targetHints":{"allow":["GET"]}}],"collection":[{"href":"https:\/\/escofetoliver.com\/es\/wp-json\/wp\/v2\/product"}],"about":[{"href":"https:\/\/escofetoliver.com\/es\/wp-json\/wp\/v2\/types\/product"}],"replies":[{"embeddable":true,"href":"https:\/\/escofetoliver.com\/es\/wp-json\/wp\/v2\/comments?post=44880"}],"wp:featuredmedia":[{"embeddable":true,"href":"https:\/\/escofetoliver.com\/es\/wp-json\/wp\/v2\/media\/44881"}],"wp:attachment":[{"href":"https:\/\/escofetoliver.com\/es\/wp-json\/wp\/v2\/media?parent=44880"}],"wp:term":[{"taxonomy":"product_brand","embeddable":true,"href":"https:\/\/escofetoliver.com\/es\/wp-json\/wp\/v2\/product_brand?post=44880"},{"taxonomy":"product_cat","embeddable":true,"href":"https:\/\/escofetoliver.com\/es\/wp-json\/wp\/v2\/product_cat?post=44880"},{"taxonomy":"product_tag","embeddable":true,"href":"https:\/\/escofetoliver.com\/es\/wp-json\/wp\/v2\/product_tag?post=44880"}],"curies":[{"name":"wp","href":"https:\/\/api.w.org\/{rel}","templated":true}]}}