{"id":44872,"date":"2022-07-14T11:06:28","date_gmt":"2022-07-14T09:06:28","guid":{"rendered":"https:\/\/escofetoliver.com\/?post_type=product&#038;p=44872"},"modified":"2026-03-11T10:56:26","modified_gmt":"2026-03-11T09:56:26","slug":"tomate-colgar-ristra","status":"publish","type":"product","link":"https:\/\/escofetoliver.com\/es\/tienda\/frutas-verduras\/verdura-es\/tomate-colgar-ristra\/","title":{"rendered":"Tomate de colgar &#8211; En ristra &#8211; 1 kg"},"content":{"rendered":"<p>Los <strong>tomates de colgar<\/strong> son muy jugosos. Tienen un sabor dulce y la capacidad de conservarse durante un largo periodo de tiempo. Este tipo de tomates son un gran antioxidante y ayudan a proteger el sistema digestivo y el sistema inmunol\u00f3gico. Adem\u00e1s, gracias a su jugosidad son perfectos para comerlos untados en pan o para acompa\u00f1ar ensaladas.<\/p>\n","protected":false},"excerpt":{"rendered":"<p>Ristra de tomate de colgar, cantidad aproximada 1 kg.<\/p>\n","protected":false},"featured_media":44873,"comment_status":"open","ping_status":"closed","template":"","meta":{"_acf_changed":false},"product_brand":[],"product_cat":[9096,9928],"product_tag":[9240,9247,9248,9250,9251,7495,9252,8120,9831,8338,9832,8370,9833],"class_list":{"0":"post-44872","1":"product","2":"type-product","3":"status-publish","4":"has-post-thumbnail","6":"product_cat-frutas-verduras","7":"product_cat-verdura-es","8":"product_tag-fruites-i-verdures-es","9":"product_tag-fruites","10":"product_tag-frutas-y-verduras","11":"product_tag-fresc","12":"product_tag-fruit","13":"product_tag-escofet-oliver-es","14":"product_tag-carniseria-escofet-oliver-es","15":"product_tag-frutas-es","16":"product_tag-tomate-colgar-en-ristra","17":"product_tag-natural-es","18":"product_tag-tomate-colgar","19":"product_tag-tomate-es","20":"product_tag-tomate-en-ristra","21":"product_shipping_class-entrega-en-domicilio","22":"pa_preciokg-840-es","24":"first","25":"instock","26":"taxable","27":"shipping-taxable","28":"purchasable","29":"product-type-simple"},"acf":[],"_links":{"self":[{"href":"https:\/\/escofetoliver.com\/es\/wp-json\/wp\/v2\/product\/44872","targetHints":{"allow":["GET"]}}],"collection":[{"href":"https:\/\/escofetoliver.com\/es\/wp-json\/wp\/v2\/product"}],"about":[{"href":"https:\/\/escofetoliver.com\/es\/wp-json\/wp\/v2\/types\/product"}],"replies":[{"embeddable":true,"href":"https:\/\/escofetoliver.com\/es\/wp-json\/wp\/v2\/comments?post=44872"}],"wp:featuredmedia":[{"embeddable":true,"href":"https:\/\/escofetoliver.com\/es\/wp-json\/wp\/v2\/media\/44873"}],"wp:attachment":[{"href":"https:\/\/escofetoliver.com\/es\/wp-json\/wp\/v2\/media?parent=44872"}],"wp:term":[{"taxonomy":"product_brand","embeddable":true,"href":"https:\/\/escofetoliver.com\/es\/wp-json\/wp\/v2\/product_brand?post=44872"},{"taxonomy":"product_cat","embeddable":true,"href":"https:\/\/escofetoliver.com\/es\/wp-json\/wp\/v2\/product_cat?post=44872"},{"taxonomy":"product_tag","embeddable":true,"href":"https:\/\/escofetoliver.com\/es\/wp-json\/wp\/v2\/product_tag?post=44872"}],"curies":[{"name":"wp","href":"https:\/\/api.w.org\/{rel}","templated":true}]}}