{"id":44868,"date":"2022-07-14T10:59:21","date_gmt":"2022-07-14T08:59:21","guid":{"rendered":"https:\/\/escofetoliver.com\/?post_type=product&#038;p=44868"},"modified":"2025-01-02T09:35:38","modified_gmt":"2025-01-02T08:35:38","slug":"espinacas-baby-1-unidad","status":"publish","type":"product","link":"https:\/\/escofetoliver.com\/es\/tienda\/frutas-verduras\/verdura-es\/espinacas-baby-1-unidad\/","title":{"rendered":"Espinacas &#8216;Baby&#8217; &#8211; 1 unidad"},"content":{"rendered":"<p>Las<strong> espinacas<\/strong> est\u00e1n compuestas en su mayor\u00eda por agua. Contienen mucha fibra y son una fuente natural de vitaminas, minerales y \u00e1cidos grasos Omega-3. \u00a1Popeye ten\u00eda raz\u00f3n! Los nitratos que se encuentran en la espinaca aumentan la fuerza en los m\u00fasculos.<\/p>\n<p>Puedes prepararlas, por ejemplo, salteadas con ajo y pasas para elaborar unas espinacas a la catalana. Tambi\u00e9n se pueden saltear con jam\u00f3n, hacer una crema, servirlas con bechamel y gratinadas&#8230; \u00a1No hay excusa para no comerlas!<\/p>\n","protected":false},"excerpt":{"rendered":"<p>Espinacas &#8216;Baby&#8217;<\/p>\n","protected":false},"featured_media":44869,"comment_status":"open","ping_status":"closed","template":"","meta":{"_acf_changed":false},"product_brand":[],"product_cat":[9928,9096],"product_tag":[9248,9250,9251,7495,9252,8120,9829,8229,8338,9240,9247],"class_list":{"0":"post-44868","1":"product","2":"type-product","3":"status-publish","4":"has-post-thumbnail","6":"product_cat-verdura-es","7":"product_cat-frutas-verduras","8":"product_tag-frutas-y-verduras","9":"product_tag-fresc","10":"product_tag-fruit","11":"product_tag-escofet-oliver-es","12":"product_tag-carniseria-escofet-oliver-es","13":"product_tag-frutas-es","14":"product_tag-espinacas-baby","15":"product_tag-espinacas-es","16":"product_tag-natural-es","17":"product_tag-fruites-i-verdures-es","18":"product_tag-fruites","19":"product_shipping_class-entrega-en-domicilio","21":"first","22":"instock","23":"taxable","24":"shipping-taxable","25":"purchasable","26":"product-type-simple"},"acf":[],"_links":{"self":[{"href":"https:\/\/escofetoliver.com\/es\/wp-json\/wp\/v2\/product\/44868","targetHints":{"allow":["GET"]}}],"collection":[{"href":"https:\/\/escofetoliver.com\/es\/wp-json\/wp\/v2\/product"}],"about":[{"href":"https:\/\/escofetoliver.com\/es\/wp-json\/wp\/v2\/types\/product"}],"replies":[{"embeddable":true,"href":"https:\/\/escofetoliver.com\/es\/wp-json\/wp\/v2\/comments?post=44868"}],"wp:featuredmedia":[{"embeddable":true,"href":"https:\/\/escofetoliver.com\/es\/wp-json\/wp\/v2\/media\/44869"}],"wp:attachment":[{"href":"https:\/\/escofetoliver.com\/es\/wp-json\/wp\/v2\/media?parent=44868"}],"wp:term":[{"taxonomy":"product_brand","embeddable":true,"href":"https:\/\/escofetoliver.com\/es\/wp-json\/wp\/v2\/product_brand?post=44868"},{"taxonomy":"product_cat","embeddable":true,"href":"https:\/\/escofetoliver.com\/es\/wp-json\/wp\/v2\/product_cat?post=44868"},{"taxonomy":"product_tag","embeddable":true,"href":"https:\/\/escofetoliver.com\/es\/wp-json\/wp\/v2\/product_tag?post=44868"}],"curies":[{"name":"wp","href":"https:\/\/api.w.org\/{rel}","templated":true}]}}