{"id":44859,"date":"2022-07-14T10:41:31","date_gmt":"2022-07-14T08:41:31","guid":{"rendered":"https:\/\/escofetoliver.com\/?post_type=product&#038;p=44859"},"modified":"2025-01-02T09:35:45","modified_gmt":"2025-01-02T08:35:45","slug":"aguacate-maduro-2-unidades-1-kg","status":"publish","type":"product","link":"https:\/\/escofetoliver.com\/es\/tienda\/frutas-verduras\/verdura-es\/aguacate-maduro-2-unidades-1-kg\/","title":{"rendered":"Aguacate maduro &#8211; 2 unidades -500 g"},"content":{"rendered":"<p>El <strong>aguacate<\/strong> tiene un sabor exquisito y suave a avellana y una consistencia tierna y cremosa que permiten su combinaci\u00f3n con cualquier alimento. Todas las recetas con este son deliciosas: A l\u00e1minas con aceite de oliva y sal, en forma de guacamole, untado en tostadas con sal, pimienta y or\u00e9gano&#8230;<\/p>\n","protected":false},"excerpt":{"rendered":"<p>Entre 4 y 5 aguacates maduros de 1 kg en total<\/p>\n","protected":false},"featured_media":44861,"comment_status":"open","ping_status":"closed","template":"","meta":{"_acf_changed":false},"product_brand":[],"product_cat":[9928,9096],"product_tag":[9252,7495,8120,8338,9240,9247,9248,9250,9251],"class_list":{"0":"post-44859","1":"product","2":"type-product","3":"status-publish","4":"has-post-thumbnail","6":"product_cat-verdura-es","7":"product_cat-frutas-verduras","8":"product_tag-carniseria-escofet-oliver-es","9":"product_tag-escofet-oliver-es","10":"product_tag-frutas-es","11":"product_tag-natural-es","12":"product_tag-fruites-i-verdures-es","13":"product_tag-fruites","14":"product_tag-frutas-y-verduras","15":"product_tag-fresc","16":"product_tag-fruit","17":"product_shipping_class-entrega-en-domicilio","19":"first","20":"instock","21":"taxable","22":"shipping-taxable","23":"purchasable","24":"product-type-simple"},"acf":[],"_links":{"self":[{"href":"https:\/\/escofetoliver.com\/es\/wp-json\/wp\/v2\/product\/44859","targetHints":{"allow":["GET"]}}],"collection":[{"href":"https:\/\/escofetoliver.com\/es\/wp-json\/wp\/v2\/product"}],"about":[{"href":"https:\/\/escofetoliver.com\/es\/wp-json\/wp\/v2\/types\/product"}],"replies":[{"embeddable":true,"href":"https:\/\/escofetoliver.com\/es\/wp-json\/wp\/v2\/comments?post=44859"}],"wp:featuredmedia":[{"embeddable":true,"href":"https:\/\/escofetoliver.com\/es\/wp-json\/wp\/v2\/media\/44861"}],"wp:attachment":[{"href":"https:\/\/escofetoliver.com\/es\/wp-json\/wp\/v2\/media?parent=44859"}],"wp:term":[{"taxonomy":"product_brand","embeddable":true,"href":"https:\/\/escofetoliver.com\/es\/wp-json\/wp\/v2\/product_brand?post=44859"},{"taxonomy":"product_cat","embeddable":true,"href":"https:\/\/escofetoliver.com\/es\/wp-json\/wp\/v2\/product_cat?post=44859"},{"taxonomy":"product_tag","embeddable":true,"href":"https:\/\/escofetoliver.com\/es\/wp-json\/wp\/v2\/product_tag?post=44859"}],"curies":[{"name":"wp","href":"https:\/\/api.w.org\/{rel}","templated":true}]}}