{"id":44804,"date":"2022-07-13T12:56:09","date_gmt":"2022-07-13T10:56:09","guid":{"rendered":"https:\/\/escofetoliver.com\/?post_type=product&#038;p=44804"},"modified":"2026-01-19T10:52:29","modified_gmt":"2026-01-19T09:52:29","slug":"acelgas-de-sant-boi-en-manojo","status":"publish","type":"product","link":"https:\/\/escofetoliver.com\/es\/tienda\/frutas-verduras\/verdura-es\/acelgas-de-sant-boi-en-manojo\/","title":{"rendered":"Acelgas de\u00a0Sant\u00a0Boi\u00a0en manojo"},"content":{"rendered":"<p>Las<strong> acelgas<\/strong>, que son una hortaliza originaria del Mediterr\u00e1neo, destacan por su bajo contenido cal\u00f3rico y por su alto aporte de hierro y calcio, as\u00ed como de vitamina A y C. La forma m\u00e1s com\u00fan de cocinar la acelga es hervida o al vapor, ali\u00f1ada con un toque de aceite de oliva o mayonesa. Tambi\u00e9n se puede utilizar como ingrediente principal en sopas, cremas o pur\u00e9s. De todos modos, te quedar\u00e1 un plato exquisito.<\/p>\n","protected":false},"excerpt":{"rendered":"<p>Manojo de acelgas originarias de Sant Boi.<\/p>\n","protected":false},"featured_media":44805,"comment_status":"open","ping_status":"closed","template":"","meta":{"_acf_changed":false},"product_brand":[],"product_cat":[9928,9096],"product_tag":[9240,9247,9248,9250,9251,9252,7495,8120,8338],"class_list":{"0":"post-44804","1":"product","2":"type-product","3":"status-publish","4":"has-post-thumbnail","6":"product_cat-verdura-es","7":"product_cat-frutas-verduras","8":"product_tag-fruites-i-verdures-es","9":"product_tag-fruites","10":"product_tag-frutas-y-verduras","11":"product_tag-fresc","12":"product_tag-fruit","13":"product_tag-carniseria-escofet-oliver-es","14":"product_tag-escofet-oliver-es","15":"product_tag-frutas-es","16":"product_tag-natural-es","17":"product_shipping_class-entrega-en-domicilio","19":"first","20":"instock","21":"taxable","22":"shipping-taxable","23":"purchasable","24":"product-type-simple"},"acf":[],"_links":{"self":[{"href":"https:\/\/escofetoliver.com\/es\/wp-json\/wp\/v2\/product\/44804","targetHints":{"allow":["GET"]}}],"collection":[{"href":"https:\/\/escofetoliver.com\/es\/wp-json\/wp\/v2\/product"}],"about":[{"href":"https:\/\/escofetoliver.com\/es\/wp-json\/wp\/v2\/types\/product"}],"replies":[{"embeddable":true,"href":"https:\/\/escofetoliver.com\/es\/wp-json\/wp\/v2\/comments?post=44804"}],"wp:featuredmedia":[{"embeddable":true,"href":"https:\/\/escofetoliver.com\/es\/wp-json\/wp\/v2\/media\/44805"}],"wp:attachment":[{"href":"https:\/\/escofetoliver.com\/es\/wp-json\/wp\/v2\/media?parent=44804"}],"wp:term":[{"taxonomy":"product_brand","embeddable":true,"href":"https:\/\/escofetoliver.com\/es\/wp-json\/wp\/v2\/product_brand?post=44804"},{"taxonomy":"product_cat","embeddable":true,"href":"https:\/\/escofetoliver.com\/es\/wp-json\/wp\/v2\/product_cat?post=44804"},{"taxonomy":"product_tag","embeddable":true,"href":"https:\/\/escofetoliver.com\/es\/wp-json\/wp\/v2\/product_tag?post=44804"}],"curies":[{"name":"wp","href":"https:\/\/api.w.org\/{rel}","templated":true}]}}