{"id":44791,"date":"2022-07-13T12:34:21","date_gmt":"2022-07-13T10:34:21","guid":{"rendered":"https:\/\/escofetoliver.com\/?post_type=product&#038;p=44791"},"modified":"2025-05-13T11:09:28","modified_gmt":"2025-05-13T09:09:28","slug":"lechuga-romana-1-unidad","status":"publish","type":"product","link":"https:\/\/escofetoliver.com\/es\/tienda\/frutas-verduras\/verdura-es\/lechuga-romana-1-unidad\/","title":{"rendered":"Lechuga romana &#8211; 1 unidad"},"content":{"rendered":"<p>Este tipo de<strong> lechuga<\/strong>, gracias a su riqueza vitam\u00ednica y mineral, es una gran ayudante en el crecimiento de los ni\u00f1os. Gracias al hierro, al zinc y al cobre que contiene, combate eficazmente la anemia. La lechuga estimula el hambre y es un remedio natural para el aparato digestivo. As\u00ed, calma los ardores de est\u00f3mago, tonificando y revitalizando este \u00f3rgano. Se recomienda tomarla en la cena, ya que otorga efectos sedantes en el sistema nervioso favoreciendo el sue\u00f1o. Adem\u00e1s, se trata de un alimento muy saciante.<\/p>\n","protected":false},"excerpt":{"rendered":"<p>1 lechuga romana<\/p>\n","protected":false},"featured_media":44792,"comment_status":"open","ping_status":"closed","template":"","meta":{"_acf_changed":false},"product_brand":[],"product_cat":[9096,9928],"product_tag":[8338,9240,9247,9248,9250,9251,9252,7495,9766,8120],"class_list":{"0":"post-44791","1":"product","2":"type-product","3":"status-publish","4":"has-post-thumbnail","6":"product_cat-frutas-verduras","7":"product_cat-verdura-es","8":"product_tag-natural-es","9":"product_tag-fruites-i-verdures-es","10":"product_tag-fruites","11":"product_tag-frutas-y-verduras","12":"product_tag-fresc","13":"product_tag-fruit","14":"product_tag-carniseria-escofet-oliver-es","15":"product_tag-escofet-oliver-es","16":"product_tag-romana","17":"product_tag-frutas-es","18":"product_shipping_class-entrega-en-domicilio","20":"first","21":"instock","22":"taxable","23":"shipping-taxable","24":"purchasable","25":"product-type-simple"},"acf":[],"_links":{"self":[{"href":"https:\/\/escofetoliver.com\/es\/wp-json\/wp\/v2\/product\/44791","targetHints":{"allow":["GET"]}}],"collection":[{"href":"https:\/\/escofetoliver.com\/es\/wp-json\/wp\/v2\/product"}],"about":[{"href":"https:\/\/escofetoliver.com\/es\/wp-json\/wp\/v2\/types\/product"}],"replies":[{"embeddable":true,"href":"https:\/\/escofetoliver.com\/es\/wp-json\/wp\/v2\/comments?post=44791"}],"wp:featuredmedia":[{"embeddable":true,"href":"https:\/\/escofetoliver.com\/es\/wp-json\/wp\/v2\/media\/44792"}],"wp:attachment":[{"href":"https:\/\/escofetoliver.com\/es\/wp-json\/wp\/v2\/media?parent=44791"}],"wp:term":[{"taxonomy":"product_brand","embeddable":true,"href":"https:\/\/escofetoliver.com\/es\/wp-json\/wp\/v2\/product_brand?post=44791"},{"taxonomy":"product_cat","embeddable":true,"href":"https:\/\/escofetoliver.com\/es\/wp-json\/wp\/v2\/product_cat?post=44791"},{"taxonomy":"product_tag","embeddable":true,"href":"https:\/\/escofetoliver.com\/es\/wp-json\/wp\/v2\/product_tag?post=44791"}],"curies":[{"name":"wp","href":"https:\/\/api.w.org\/{rel}","templated":true}]}}