{"id":44787,"date":"2022-07-13T12:25:19","date_gmt":"2022-07-13T10:25:19","guid":{"rendered":"https:\/\/escofetoliver.com\/?post_type=product&#038;p=44787"},"modified":"2026-01-19T10:51:47","modified_gmt":"2026-01-19T09:51:47","slug":"lechuga-trocadero-1-unidad","status":"publish","type":"product","link":"https:\/\/escofetoliver.com\/es\/tienda\/frutas-verduras\/verdura-es\/lechuga-trocadero-1-unidad\/","title":{"rendered":"Lechuga &#8216;Trocadero&#8217; &#8211; 1 unidad"},"content":{"rendered":"<p>La<strong> lechuga Trocadero<\/strong> es de hojas mantecosas y lisas, se considera un alimento tierno, sabroso y de f\u00e1cil digesti\u00f3n. Su sabor suave est\u00e1 acompa\u00f1ado por sus propiedades, tales como diur\u00e9ticas, las cuales contribuyen a la eliminaci\u00f3n de toxinas, fibra, minerales como potasio, calcio y hierro y numerosas vitaminas del grupo B.<\/p>\n","protected":false},"excerpt":{"rendered":"<p>1 lechuga &#8216;Trocadero&#8217;<\/p>\n","protected":false},"featured_media":44788,"comment_status":"open","ping_status":"closed","template":"","meta":{"_acf_changed":false},"product_brand":[],"product_cat":[9096,9928],"product_tag":[9248,9250,9251,9252,7495,9762,8120,8338,9240,9247],"class_list":{"0":"post-44787","1":"product","2":"type-product","3":"status-publish","4":"has-post-thumbnail","6":"product_cat-frutas-verduras","7":"product_cat-verdura-es","8":"product_tag-frutas-y-verduras","9":"product_tag-fresc","10":"product_tag-fruit","11":"product_tag-carniseria-escofet-oliver-es","12":"product_tag-escofet-oliver-es","13":"product_tag-trocadero","14":"product_tag-frutas-es","15":"product_tag-natural-es","16":"product_tag-fruites-i-verdures-es","17":"product_tag-fruites","18":"product_shipping_class-entrega-en-domicilio","20":"first","21":"instock","22":"taxable","23":"shipping-taxable","24":"purchasable","25":"product-type-simple"},"acf":[],"_links":{"self":[{"href":"https:\/\/escofetoliver.com\/es\/wp-json\/wp\/v2\/product\/44787","targetHints":{"allow":["GET"]}}],"collection":[{"href":"https:\/\/escofetoliver.com\/es\/wp-json\/wp\/v2\/product"}],"about":[{"href":"https:\/\/escofetoliver.com\/es\/wp-json\/wp\/v2\/types\/product"}],"replies":[{"embeddable":true,"href":"https:\/\/escofetoliver.com\/es\/wp-json\/wp\/v2\/comments?post=44787"}],"wp:featuredmedia":[{"embeddable":true,"href":"https:\/\/escofetoliver.com\/es\/wp-json\/wp\/v2\/media\/44788"}],"wp:attachment":[{"href":"https:\/\/escofetoliver.com\/es\/wp-json\/wp\/v2\/media?parent=44787"}],"wp:term":[{"taxonomy":"product_brand","embeddable":true,"href":"https:\/\/escofetoliver.com\/es\/wp-json\/wp\/v2\/product_brand?post=44787"},{"taxonomy":"product_cat","embeddable":true,"href":"https:\/\/escofetoliver.com\/es\/wp-json\/wp\/v2\/product_cat?post=44787"},{"taxonomy":"product_tag","embeddable":true,"href":"https:\/\/escofetoliver.com\/es\/wp-json\/wp\/v2\/product_tag?post=44787"}],"curies":[{"name":"wp","href":"https:\/\/api.w.org\/{rel}","templated":true}]}}