{"id":44774,"date":"2022-07-13T12:00:47","date_gmt":"2022-07-13T10:00:47","guid":{"rendered":"https:\/\/escofetoliver.com\/?post_type=product&#038;p=44774"},"modified":"2026-03-31T11:43:20","modified_gmt":"2026-03-31T09:43:20","slug":"coliflor-1-unidad","status":"publish","type":"product","link":"https:\/\/escofetoliver.com\/es\/tienda\/frutas-verduras\/verdura-es\/coliflor-1-unidad\/","title":{"rendered":"Coliflor &#8211; 1 unidad"},"content":{"rendered":"<p>La mejor<strong> coliflor<\/strong> (de Francia) es un alimento rico, que podemos gratinar o preparar para crema. Adem\u00e1s, funciona de buen ingrediente para muchos platos. \u00bfHas probado alguna vez el arroz de coliflor? Se elabora sustituyendo el arroz por coliflor cocinada y desmigajada, \u00a1Est\u00e1 buen\u00edsimo!<\/p>\n<p>La coliflor ayuda al organismo porque es un alimento diur\u00e9tico, antian\u00e9mico, laxante y un buen depurador de la sangre. Tambi\u00e9n es antirreum\u00e1tica y antiartr\u00edtica. Entre las muchas sales minerales que contiene la coliflor, se encuentran el potasio, el f\u00f3sforo, el calcio y el magnesio.<\/p>\n","protected":false},"excerpt":{"rendered":"<p>1 coliflor<\/p>\n","protected":false},"featured_media":44775,"comment_status":"open","ping_status":"closed","template":"","meta":{"_acf_changed":false},"product_brand":[],"product_cat":[9928,9096],"product_tag":[9250,9251,9252,7495,8120,8338,9240,9247,9248],"class_list":{"0":"post-44774","1":"product","2":"type-product","3":"status-publish","4":"has-post-thumbnail","6":"product_cat-verdura-es","7":"product_cat-frutas-verduras","8":"product_tag-fresc","9":"product_tag-fruit","10":"product_tag-carniseria-escofet-oliver-es","11":"product_tag-escofet-oliver-es","12":"product_tag-frutas-es","13":"product_tag-natural-es","14":"product_tag-fruites-i-verdures-es","15":"product_tag-fruites","16":"product_tag-frutas-y-verduras","17":"product_shipping_class-entrega-en-domicilio","19":"first","20":"instock","21":"taxable","22":"shipping-taxable","23":"purchasable","24":"product-type-simple"},"acf":[],"_links":{"self":[{"href":"https:\/\/escofetoliver.com\/es\/wp-json\/wp\/v2\/product\/44774","targetHints":{"allow":["GET"]}}],"collection":[{"href":"https:\/\/escofetoliver.com\/es\/wp-json\/wp\/v2\/product"}],"about":[{"href":"https:\/\/escofetoliver.com\/es\/wp-json\/wp\/v2\/types\/product"}],"replies":[{"embeddable":true,"href":"https:\/\/escofetoliver.com\/es\/wp-json\/wp\/v2\/comments?post=44774"}],"wp:featuredmedia":[{"embeddable":true,"href":"https:\/\/escofetoliver.com\/es\/wp-json\/wp\/v2\/media\/44775"}],"wp:attachment":[{"href":"https:\/\/escofetoliver.com\/es\/wp-json\/wp\/v2\/media?parent=44774"}],"wp:term":[{"taxonomy":"product_brand","embeddable":true,"href":"https:\/\/escofetoliver.com\/es\/wp-json\/wp\/v2\/product_brand?post=44774"},{"taxonomy":"product_cat","embeddable":true,"href":"https:\/\/escofetoliver.com\/es\/wp-json\/wp\/v2\/product_cat?post=44774"},{"taxonomy":"product_tag","embeddable":true,"href":"https:\/\/escofetoliver.com\/es\/wp-json\/wp\/v2\/product_tag?post=44774"}],"curies":[{"name":"wp","href":"https:\/\/api.w.org\/{rel}","templated":true}]}}