{"id":44765,"date":"2022-07-13T11:29:14","date_gmt":"2022-07-13T09:29:14","guid":{"rendered":"https:\/\/escofetoliver.com\/?post_type=product&#038;p=44765"},"modified":"2026-04-14T09:21:13","modified_gmt":"2026-04-14T07:21:13","slug":"platano-de-canarias","status":"publish","type":"product","link":"https:\/\/escofetoliver.com\/es\/tienda\/frutas-verduras\/fruta\/platano-de-canarias\/","title":{"rendered":"Pl\u00e1tano\u00a0de Canarias &#8211; 4 o 5 unidades &#8211; 1 kg"},"content":{"rendered":"<p>El<strong> pl\u00e1tano de Canarias<\/strong> es un producto \u00fanico y de calidad, por su origen y cultivo tradicional en las islas Canarias, las cuales, gracias a su clima subtropical, permiten que el pl\u00e1tano madure durante m\u00e1s tiempo en el \u00e1rbol, consiguiendo as\u00ed un mejor sabor. Los pl\u00e1tanos de Canarias se diferencian de las bananas por su sabor m\u00e1s dulce, su aroma intenso, su textura m\u00e1s jugosa, y sobre todo por sus inconfundibles manchitas.<\/p>\n<p>El pl\u00e1tano es una fruta muy nutritiva y saciante. Es una fruta rica en hidratos de carbono, por lo que es una importante fuente de energ\u00eda. Adem\u00e1s, es rica en az\u00facar, fibra, potasio y magnesio. As\u00ed mismo, contiene vitamina C y B6. Al ser una fruta tan completa, es ideal para los ni\u00f1os, ya que saciar\u00e1n su hambre r\u00e1pidamente, y les aportar\u00e1 nutrientes esenciales para su crecimiento. Tambi\u00e9n es ideal para deportistas, por su alto contenido energ\u00e9tico.<\/p>\n","protected":false},"excerpt":{"rendered":"<p>Entre 4 y 5 pl\u00e1tanos de Canarias maduros de 1 kg en total<\/p>\n","protected":false},"featured_media":44766,"comment_status":"open","ping_status":"closed","template":"","meta":{"_acf_changed":false},"product_brand":[],"product_cat":[9096,9930],"product_tag":[9252,8120,9733,8338,9734,9735,9230,9240,9247,9248,9250,9251,7495],"class_list":{"0":"post-44765","1":"product","2":"type-product","3":"status-publish","4":"has-post-thumbnail","6":"product_cat-frutas-verduras","7":"product_cat-fruta","8":"product_tag-carniseria-escofet-oliver-es","9":"product_tag-frutas-es","10":"product_tag-platano-de-canarias","11":"product_tag-natural-es","12":"product_tag-platano-maduro","13":"product_tag-platano-de-canarias-maduro","14":"product_tag-platano-es","15":"product_tag-fruites-i-verdures-es","16":"product_tag-fruites","17":"product_tag-frutas-y-verduras","18":"product_tag-fresc","19":"product_tag-fruit","20":"product_tag-escofet-oliver-es","21":"product_shipping_class-entrega-en-domicilio","22":"pa_preciokg-11061","24":"first","25":"instock","26":"taxable","27":"shipping-taxable","28":"purchasable","29":"product-type-simple"},"acf":[],"_links":{"self":[{"href":"https:\/\/escofetoliver.com\/es\/wp-json\/wp\/v2\/product\/44765","targetHints":{"allow":["GET"]}}],"collection":[{"href":"https:\/\/escofetoliver.com\/es\/wp-json\/wp\/v2\/product"}],"about":[{"href":"https:\/\/escofetoliver.com\/es\/wp-json\/wp\/v2\/types\/product"}],"replies":[{"embeddable":true,"href":"https:\/\/escofetoliver.com\/es\/wp-json\/wp\/v2\/comments?post=44765"}],"wp:featuredmedia":[{"embeddable":true,"href":"https:\/\/escofetoliver.com\/es\/wp-json\/wp\/v2\/media\/44766"}],"wp:attachment":[{"href":"https:\/\/escofetoliver.com\/es\/wp-json\/wp\/v2\/media?parent=44765"}],"wp:term":[{"taxonomy":"product_brand","embeddable":true,"href":"https:\/\/escofetoliver.com\/es\/wp-json\/wp\/v2\/product_brand?post=44765"},{"taxonomy":"product_cat","embeddable":true,"href":"https:\/\/escofetoliver.com\/es\/wp-json\/wp\/v2\/product_cat?post=44765"},{"taxonomy":"product_tag","embeddable":true,"href":"https:\/\/escofetoliver.com\/es\/wp-json\/wp\/v2\/product_tag?post=44765"}],"curies":[{"name":"wp","href":"https:\/\/api.w.org\/{rel}","templated":true}]}}