{"id":44724,"date":"2022-07-13T09:31:35","date_gmt":"2022-07-13T07:31:35","guid":{"rendered":"https:\/\/escofetoliver.com\/?post_type=product&#038;p=44724"},"modified":"2026-04-21T09:32:51","modified_gmt":"2026-04-21T07:32:51","slug":"robellon-grande-500-gramos","status":"publish","type":"product","link":"https:\/\/escofetoliver.com\/es\/tienda\/frutas-verduras\/setas\/robellon-grande-500-gramos\/","title":{"rendered":"Robell\u00f3n grande &#8211; 500 gramos"},"content":{"rendered":"<p>El <strong>rovell\u00f3n<\/strong>, o <strong>n\u00edscalo<\/strong>, es el rey de las setas de temporadas y se disfruta desde siempre por su sabor dulz\u00f3n y delicado con un toque agrio, que perdura sea cual sea su cocinado. Este se caracteriza por su tama\u00f1o, lo cual lo hace m\u00e1s provechoso para nuestros platos, con unas propiedades nutritivas optimas (carbohidratos y proteinas).<\/p>\n","protected":false},"excerpt":{"rendered":"<p>500 g de rovell\u00f3n grande<\/p>\n","protected":false},"featured_media":44725,"comment_status":"open","ping_status":"closed","template":"","meta":{"_acf_changed":false},"product_brand":[],"product_cat":[9096,9926],"product_tag":[8120,9705,8338,9240,9247,9248,9250,9251,9252,7495,9701],"class_list":{"0":"post-44724","1":"product","2":"type-product","3":"status-publish","4":"has-post-thumbnail","6":"product_cat-frutas-verduras","7":"product_cat-setas","8":"product_tag-frutas-es","9":"product_tag-rovellon-grande","10":"product_tag-natural-es","11":"product_tag-fruites-i-verdures-es","12":"product_tag-fruites","13":"product_tag-frutas-y-verduras","14":"product_tag-fresc","15":"product_tag-fruit","16":"product_tag-carniseria-escofet-oliver-es","17":"product_tag-escofet-oliver-es","18":"product_tag-rovellon","19":"product_shipping_class-entrega-en-domicilio","20":"pa_preciokg-10947","22":"first","23":"instock","24":"taxable","25":"shipping-taxable","26":"purchasable","27":"product-type-simple"},"acf":[],"_links":{"self":[{"href":"https:\/\/escofetoliver.com\/es\/wp-json\/wp\/v2\/product\/44724","targetHints":{"allow":["GET"]}}],"collection":[{"href":"https:\/\/escofetoliver.com\/es\/wp-json\/wp\/v2\/product"}],"about":[{"href":"https:\/\/escofetoliver.com\/es\/wp-json\/wp\/v2\/types\/product"}],"replies":[{"embeddable":true,"href":"https:\/\/escofetoliver.com\/es\/wp-json\/wp\/v2\/comments?post=44724"}],"wp:featuredmedia":[{"embeddable":true,"href":"https:\/\/escofetoliver.com\/es\/wp-json\/wp\/v2\/media\/44725"}],"wp:attachment":[{"href":"https:\/\/escofetoliver.com\/es\/wp-json\/wp\/v2\/media?parent=44724"}],"wp:term":[{"taxonomy":"product_brand","embeddable":true,"href":"https:\/\/escofetoliver.com\/es\/wp-json\/wp\/v2\/product_brand?post=44724"},{"taxonomy":"product_cat","embeddable":true,"href":"https:\/\/escofetoliver.com\/es\/wp-json\/wp\/v2\/product_cat?post=44724"},{"taxonomy":"product_tag","embeddable":true,"href":"https:\/\/escofetoliver.com\/es\/wp-json\/wp\/v2\/product_tag?post=44724"}],"curies":[{"name":"wp","href":"https:\/\/api.w.org\/{rel}","templated":true}]}}