{"id":44716,"date":"2022-07-13T09:16:37","date_gmt":"2022-07-13T07:16:37","guid":{"rendered":"https:\/\/escofetoliver.com\/?post_type=product&#038;p=44716"},"modified":"2026-04-21T09:31:40","modified_gmt":"2026-04-21T07:31:40","slug":"bandeja-de-champinones-laminados-200-g","status":"publish","type":"product","link":"https:\/\/escofetoliver.com\/es\/tienda\/frutas-verduras\/setas\/bandeja-de-champinones-laminados-200-g\/","title":{"rendered":"Bandeja de champi\u00f1ones laminados &#8211; 200 g"},"content":{"rendered":"<p>El champi\u00f1\u00f3n blanco es un alimento muy rico en minerales, de los cuales cabe destacar el selenio, que posee un elevado poder antioxidante. Tambi\u00e9n contiene potasio, que resulta ser un buen diur\u00e9tico, evitando as\u00ed la retenci\u00f3n de l\u00edquidos, y por \u00faltimo, destacar el f\u00f3sforo, muy importante en la conservaci\u00f3n de nuestros huesos y en la actividad del sistema nervioso. Al tener un elevado porcentaje de agua (90%), resulta ser un alimento ideal para las dietas de adelgazamiento, ya que su consumo aporta un bajo nivel cal\u00f3rico.<\/p>\n<p>El champi\u00f1\u00f3n es un alimento muy vers\u00e1til, con el que nunca te quedar\u00e1s sin ideas de c\u00f3mo prepararlo. Es perfecto para acompa\u00f1ar carnes (salte\u00e1ndolo unos minutos con sal, pimienta y perejil) y tambi\u00e9n para adornar tus arroces y platos de pasta.<\/p>\n","protected":false},"excerpt":{"rendered":"<p>200 g de champi\u00f1ones laminados en bandeja<\/p>\n","protected":false},"featured_media":44717,"comment_status":"open","ping_status":"closed","template":"","meta":{"_acf_changed":false},"product_brand":[],"product_cat":[9096,9926],"product_tag":[9252,7495,8120,8338,9240,9247,9248,9250,9251],"class_list":{"0":"post-44716","1":"product","2":"type-product","3":"status-publish","4":"has-post-thumbnail","6":"product_cat-frutas-verduras","7":"product_cat-setas","8":"product_tag-carniseria-escofet-oliver-es","9":"product_tag-escofet-oliver-es","10":"product_tag-frutas-es","11":"product_tag-natural-es","12":"product_tag-fruites-i-verdures-es","13":"product_tag-fruites","14":"product_tag-frutas-y-verduras","15":"product_tag-fresc","16":"product_tag-fruit","18":"first","19":"instock","20":"taxable","21":"shipping-taxable","22":"purchasable","23":"product-type-simple"},"acf":[],"_links":{"self":[{"href":"https:\/\/escofetoliver.com\/es\/wp-json\/wp\/v2\/product\/44716","targetHints":{"allow":["GET"]}}],"collection":[{"href":"https:\/\/escofetoliver.com\/es\/wp-json\/wp\/v2\/product"}],"about":[{"href":"https:\/\/escofetoliver.com\/es\/wp-json\/wp\/v2\/types\/product"}],"replies":[{"embeddable":true,"href":"https:\/\/escofetoliver.com\/es\/wp-json\/wp\/v2\/comments?post=44716"}],"wp:featuredmedia":[{"embeddable":true,"href":"https:\/\/escofetoliver.com\/es\/wp-json\/wp\/v2\/media\/44717"}],"wp:attachment":[{"href":"https:\/\/escofetoliver.com\/es\/wp-json\/wp\/v2\/media?parent=44716"}],"wp:term":[{"taxonomy":"product_brand","embeddable":true,"href":"https:\/\/escofetoliver.com\/es\/wp-json\/wp\/v2\/product_brand?post=44716"},{"taxonomy":"product_cat","embeddable":true,"href":"https:\/\/escofetoliver.com\/es\/wp-json\/wp\/v2\/product_cat?post=44716"},{"taxonomy":"product_tag","embeddable":true,"href":"https:\/\/escofetoliver.com\/es\/wp-json\/wp\/v2\/product_tag?post=44716"}],"curies":[{"name":"wp","href":"https:\/\/api.w.org\/{rel}","templated":true}]}}