{"id":44702,"date":"2022-07-12T11:37:01","date_gmt":"2022-07-12T09:37:01","guid":{"rendered":"https:\/\/escofetoliver.com\/botiga\/sin%20categor\u00eda\/salsa-tartufata\/"},"modified":"2023-05-23T10:18:09","modified_gmt":"2023-05-23T08:18:09","slug":"salsa-tartufata","status":"publish","type":"product","link":"https:\/\/escofetoliver.com\/es\/tienda\/despensa\/salsas-condimentos-y-especias\/salsa-tartufata\/","title":{"rendered":"Salsa Tartufata &#8211; 140 g"},"content":{"rendered":"<p><span>Cap d&#8217;<\/span><span class=\"hiddenSpellError\" onkeypress=\"MORFOLOGIK_RULE_ES---#---undefined---#---Se ha encontrado un posible error ortogr\u00e1fico.---#---Urde#Urden#Urdes#\u00dardete---#---Urdet\">Urdet<\/span><span>\u00a0elabora esta salsa con base de<strong> trufa<\/strong> de manera artesanal. Un manjar de aroma y sabor intenso y exquisito, que puede combinarse con pasta o tambi\u00e9n ser un buen ingrediente para las recetas m\u00e1s tradicionales de nuestra cocina.<\/span><\/p>\n<p><strong>Al\u00e9rgenos: <\/strong><span>Sin gluten, contiene moluscos (calamares)<\/span><\/p>\n<p><strong>Ingredientes<\/strong>:<\/p>\n<p>C<span>hampi\u00f1ones ( Agaricus bisporus) 62%, aceitunas negras 9%, trufa de verano ( Tuber aestivum ) 2%, cebolla, sal, ajo en polvo, aroma de trufa negra, perejil, aceite girasol, aceite de oliva virgen extra, conservante ( \u00e1cido c\u00edtrico) y az\u00facar.<\/span><\/p>\n<p><strong>Caducidad:\u00a0<\/strong>Viene en el envase.<\/p>\n","protected":false},"excerpt":{"rendered":"<p>Envase de trufa de 140 g<\/p>\n","protected":false},"featured_media":44700,"comment_status":"open","ping_status":"closed","template":"","meta":{"_acf_changed":false},"product_brand":[],"product_cat":[5866,5914],"product_tag":[8990,7495,7496,8285,8311,8870],"class_list":{"0":"post-44702","1":"product","2":"type-product","3":"status-publish","4":"has-post-thumbnail","6":"product_cat-despensa","7":"product_cat-salsas-condimentos-y-especias","8":"product_tag-trufa-es-2","9":"product_tag-escofet-oliver-es","10":"product_tag-carns-escofet-oliver-es","11":"product_tag-salsa-es","12":"product_tag-salses-es","13":"product_tag-trufa-es","14":"product_shipping_class-entrega-en-domicilio","16":"first","17":"instock","18":"taxable","19":"shipping-taxable","20":"purchasable","21":"product-type-simple"},"acf":[],"_links":{"self":[{"href":"https:\/\/escofetoliver.com\/es\/wp-json\/wp\/v2\/product\/44702","targetHints":{"allow":["GET"]}}],"collection":[{"href":"https:\/\/escofetoliver.com\/es\/wp-json\/wp\/v2\/product"}],"about":[{"href":"https:\/\/escofetoliver.com\/es\/wp-json\/wp\/v2\/types\/product"}],"replies":[{"embeddable":true,"href":"https:\/\/escofetoliver.com\/es\/wp-json\/wp\/v2\/comments?post=44702"}],"wp:featuredmedia":[{"embeddable":true,"href":"https:\/\/escofetoliver.com\/es\/wp-json\/wp\/v2\/media\/44700"}],"wp:attachment":[{"href":"https:\/\/escofetoliver.com\/es\/wp-json\/wp\/v2\/media?parent=44702"}],"wp:term":[{"taxonomy":"product_brand","embeddable":true,"href":"https:\/\/escofetoliver.com\/es\/wp-json\/wp\/v2\/product_brand?post=44702"},{"taxonomy":"product_cat","embeddable":true,"href":"https:\/\/escofetoliver.com\/es\/wp-json\/wp\/v2\/product_cat?post=44702"},{"taxonomy":"product_tag","embeddable":true,"href":"https:\/\/escofetoliver.com\/es\/wp-json\/wp\/v2\/product_tag?post=44702"}],"curies":[{"name":"wp","href":"https:\/\/api.w.org\/{rel}","templated":true}]}}