{"id":44667,"date":"2022-07-08T12:59:23","date_gmt":"2022-07-08T10:59:23","guid":{"rendered":"https:\/\/escofetoliver.com\/botiga\/sin%20categor\u00eda\/patata-blanca-monalisa-6-unidades-1-kg\/"},"modified":"2026-03-18T08:59:44","modified_gmt":"2026-03-18T07:59:44","slug":"patata-blanca","status":"publish","type":"product","link":"https:\/\/escofetoliver.com\/es\/tienda\/frutas-verduras\/verdura-es\/patata-blanca\/","title":{"rendered":"Patata blanca &#8211; 6 unidades &#8211; 1 kg"},"content":{"rendered":"<p>La <strong>patata blanca<\/strong> se puede disfrutar de muchas maneras: Frita, asada o cocida, y acompa\u00f1ando a una infinidad de platos. Destacan por ser ricas en almid\u00f3n, fibra y potasio, por lo que son diur\u00e9ticas y beneficiosas para problemas de salud como la hipertensi\u00f3n.<\/p>\n","protected":false},"excerpt":{"rendered":"<p>6 patatas blancas (Monalisa) de 1 kg en total<\/p>\n","protected":false},"featured_media":44666,"comment_status":"open","ping_status":"closed","template":"","meta":{"_acf_changed":false},"product_brand":[],"product_cat":[9928,9096],"product_tag":[8338,9670,8341,9240,9247,9248,9250,9251,7495,9668,8120,9669],"class_list":{"0":"post-44667","1":"product","2":"type-product","3":"status-publish","4":"has-post-thumbnail","6":"product_cat-verdura-es","7":"product_cat-frutas-verduras","8":"product_tag-natural-es","9":"product_tag-patata-monalisa-es","10":"product_tag-patata-es","11":"product_tag-fruites-i-verdures-es","12":"product_tag-fruites","13":"product_tag-frutas-y-verduras","14":"product_tag-fresc","15":"product_tag-fruit","16":"product_tag-escofet-oliver-es","17":"product_tag-patata-blanca-es","18":"product_tag-frutas-es","19":"product_tag-patata-blanca-monalisa-es","20":"product_shipping_class-entrega-en-domicilio","21":"pa_preciokg-10877","23":"first","24":"instock","25":"taxable","26":"shipping-taxable","27":"purchasable","28":"product-type-simple"},"acf":[],"_links":{"self":[{"href":"https:\/\/escofetoliver.com\/es\/wp-json\/wp\/v2\/product\/44667","targetHints":{"allow":["GET"]}}],"collection":[{"href":"https:\/\/escofetoliver.com\/es\/wp-json\/wp\/v2\/product"}],"about":[{"href":"https:\/\/escofetoliver.com\/es\/wp-json\/wp\/v2\/types\/product"}],"replies":[{"embeddable":true,"href":"https:\/\/escofetoliver.com\/es\/wp-json\/wp\/v2\/comments?post=44667"}],"wp:featuredmedia":[{"embeddable":true,"href":"https:\/\/escofetoliver.com\/es\/wp-json\/wp\/v2\/media\/44666"}],"wp:attachment":[{"href":"https:\/\/escofetoliver.com\/es\/wp-json\/wp\/v2\/media?parent=44667"}],"wp:term":[{"taxonomy":"product_brand","embeddable":true,"href":"https:\/\/escofetoliver.com\/es\/wp-json\/wp\/v2\/product_brand?post=44667"},{"taxonomy":"product_cat","embeddable":true,"href":"https:\/\/escofetoliver.com\/es\/wp-json\/wp\/v2\/product_cat?post=44667"},{"taxonomy":"product_tag","embeddable":true,"href":"https:\/\/escofetoliver.com\/es\/wp-json\/wp\/v2\/product_tag?post=44667"}],"curies":[{"name":"wp","href":"https:\/\/api.w.org\/{rel}","templated":true}]}}