{"id":44653,"date":"2022-07-08T12:38:35","date_gmt":"2022-07-08T10:38:35","guid":{"rendered":"https:\/\/escofetoliver.com\/?post_type=product&#038;p=44653"},"modified":"2025-01-02T09:35:43","modified_gmt":"2025-01-02T08:35:43","slug":"puerros","status":"publish","type":"product","link":"https:\/\/escofetoliver.com\/es\/tienda\/frutas-verduras\/verdura-es\/puerros\/","title":{"rendered":"Puerros en manojo &#8211; 3 unidades &#8211; 1 kg"},"content":{"rendered":"<p>El\u00a0<strong>puerro\u00a0<\/strong>es un alimento apto para dietas y una buena alimentaci\u00f3n por su bajo contenido en calor\u00edas y alto en agua. Adem\u00e1s de rica en vitaminas (C, E y B6) es un buen alimento para combatir y prevenir la hipertensi\u00f3n, por su concentraci\u00f3n alta de potasio.<\/p>\n<p>Ideal, por ejemplo, para preparar una rica crema.<\/p>\n","protected":false},"excerpt":{"rendered":"<p>3 puerros en manojo de 1 kg en total<\/p>\n","protected":false},"featured_media":44654,"comment_status":"open","ping_status":"closed","template":"","meta":{"_acf_changed":false},"product_brand":[],"product_cat":[9096,9928],"product_tag":[9251,9252,7495,9652,8120,9653,8338,9240,9247,9248,9250],"class_list":{"0":"post-44653","1":"product","2":"type-product","3":"status-publish","4":"has-post-thumbnail","6":"product_cat-frutas-verduras","7":"product_cat-verdura-es","8":"product_tag-fruit","9":"product_tag-carniseria-escofet-oliver-es","10":"product_tag-escofet-oliver-es","11":"product_tag-puerros","12":"product_tag-frutas-es","13":"product_tag-puerros-en-manojo","14":"product_tag-natural-es","15":"product_tag-fruites-i-verdures-es","16":"product_tag-fruites","17":"product_tag-frutas-y-verduras","18":"product_tag-fresc","19":"product_shipping_class-entrega-en-domicilio","21":"first","22":"instock","23":"taxable","24":"shipping-taxable","25":"purchasable","26":"product-type-simple"},"acf":[],"_links":{"self":[{"href":"https:\/\/escofetoliver.com\/es\/wp-json\/wp\/v2\/product\/44653","targetHints":{"allow":["GET"]}}],"collection":[{"href":"https:\/\/escofetoliver.com\/es\/wp-json\/wp\/v2\/product"}],"about":[{"href":"https:\/\/escofetoliver.com\/es\/wp-json\/wp\/v2\/types\/product"}],"replies":[{"embeddable":true,"href":"https:\/\/escofetoliver.com\/es\/wp-json\/wp\/v2\/comments?post=44653"}],"wp:featuredmedia":[{"embeddable":true,"href":"https:\/\/escofetoliver.com\/es\/wp-json\/wp\/v2\/media\/44654"}],"wp:attachment":[{"href":"https:\/\/escofetoliver.com\/es\/wp-json\/wp\/v2\/media?parent=44653"}],"wp:term":[{"taxonomy":"product_brand","embeddable":true,"href":"https:\/\/escofetoliver.com\/es\/wp-json\/wp\/v2\/product_brand?post=44653"},{"taxonomy":"product_cat","embeddable":true,"href":"https:\/\/escofetoliver.com\/es\/wp-json\/wp\/v2\/product_cat?post=44653"},{"taxonomy":"product_tag","embeddable":true,"href":"https:\/\/escofetoliver.com\/es\/wp-json\/wp\/v2\/product_tag?post=44653"}],"curies":[{"name":"wp","href":"https:\/\/api.w.org\/{rel}","templated":true}]}}